{"id":6073,"date":"2017-05-16T11:00:20","date_gmt":"2017-05-16T09:00:20","guid":{"rendered":"https:\/\/www.mobilitytechgreen.com\/en\/?page_id=6073"},"modified":"2023-02-22T14:16:12","modified_gmt":"2023-02-22T13:16:12","slug":"whitepapers","status":"publish","type":"page","link":"https:\/\/www.mobilitytechgreen.com\/en\/whitepapers\/","title":{"rendered":"Corporate car sharing white papers | Mobility Tech Green"},"content":{"rendered":"<p>[et_pb_section fb_built=&#8221;1&#8243; _builder_version=&#8221;4.16&#8243; _module_preset=&#8221;default&#8221; use_background_color_gradient=&#8221;on&#8221; background_color_gradient_direction=&#8221;45deg&#8221; background_color_gradient_stops=&#8221;#76b02B 0%|rgba(43,152,175,0.81) 100%&#8221; background_color_gradient_overlays_image=&#8221;on&#8221; background_color_gradient_start=&#8221;#76b02B&#8221; background_color_gradient_end=&#8221;rgba(43,152,175,0.81)&#8221; background_image=&#8221;https:\/\/www.mobilitytechgreen.com\/wp-content\/uploads\/2020\/10\/header-livreblanc.jpg&#8221; custom_padding=&#8221;65px|||||&#8221; global_colors_info=&#8221;{}&#8221;][et_pb_row _builder_version=&#8221;4.16&#8243; _module_preset=&#8221;default&#8221; width=&#8221;57%&#8221; module_alignment=&#8221;center&#8221; global_colors_info=&#8221;{}&#8221;][et_pb_column type=&#8221;4_4&#8243; _builder_version=&#8221;4.16&#8243; _module_preset=&#8221;default&#8221; global_colors_info=&#8221;{}&#8221;][et_pb_text _builder_version=&#8221;4.16&#8243; _module_preset=&#8221;default&#8221; header_font=&#8221;Montserrat|600|||||||&#8221; header_text_color=&#8221;#ffffff&#8221; header_font_size=&#8221;44px&#8221; global_colors_info=&#8221;{}&#8221;]<\/p>\n<h1 style=\"text-align: center;\">Discover Mobility Tech Green&#8217;s white papers<\/h1>\n<p>[\/et_pb_text][\/et_pb_column][\/et_pb_row][\/et_pb_section][et_pb_section fb_built=&#8221;1&#8243; _builder_version=&#8221;4.16&#8243; _module_preset=&#8221;default&#8221; background_color=&#8221;#ededed&#8221; custom_padding=&#8221;37px||13px|||&#8221; border_width_bottom=&#8221;1px&#8221; border_color_bottom=&#8221;#cecece&#8221; global_colors_info=&#8221;{}&#8221;][et_pb_row column_structure=&#8221;1_4,1_4,1_4,1_4&#8243; _builder_version=&#8221;4.20.0&#8243; _module_preset=&#8221;default&#8221; custom_padding=&#8221;2px|25px|24px|25px|false|false&#8221; hover_enabled=&#8221;0&#8243; global_colors_info=&#8221;{}&#8221; sticky_enabled=&#8221;0&#8243;][et_pb_column type=&#8221;1_4&#8243; _builder_version=&#8221;4.16&#8243; _module_preset=&#8221;default&#8221; global_colors_info=&#8221;{}&#8221;][et_pb_text _builder_version=&#8221;4.16&#8243; _module_preset=&#8221;default&#8221; text_font=&#8221;Montserrat|700|||||||&#8221; text_text_color=&#8221;#2b98af&#8221; text_font_size=&#8221;16px&#8221; background_color=&#8221;#ffffff&#8221; custom_padding=&#8221;10px||10px||false|false&#8221; link_option_url=&#8221;https:\/\/www.mobilitytechgreen.com\/en\/whitepapers\/&#8221; border_radii=&#8221;on|50px|50px|50px|50px&#8221; border_width_all=&#8221;1px&#8221; border_color_all=&#8221;#cecece&#8221; global_colors_info=&#8221;{}&#8221; background__hover_enabled=&#8221;on|hover&#8221; text_text_color__hover_enabled=&#8221;on|hover&#8221; text_text_color__hover=&#8221;#ffffff&#8221; border_color_all__hover_enabled=&#8221;on|hover&#8221; border_color_all__hover=&#8221;#2b98af&#8221; background_color__hover=&#8221;#2b98AF&#8221; background_enable_color__hover=&#8221;on&#8221;]<\/p>\n<p style=\"text-align: center;\">White papers<\/p>\n<p>[\/et_pb_text][\/et_pb_column][et_pb_column type=&#8221;1_4&#8243; _builder_version=&#8221;4.16&#8243; _module_preset=&#8221;default&#8221; global_colors_info=&#8221;{}&#8221;][et_pb_text _builder_version=&#8221;4.16&#8243; _module_preset=&#8221;default&#8221; text_font=&#8221;Montserrat|700|||||||&#8221; text_text_color=&#8221;#666666&#8243; text_font_size=&#8221;16px&#8221; background_color=&#8221;#ffffff&#8221; custom_padding=&#8221;10px||10px||false|false&#8221; link_option_url=&#8221;https:\/\/www.mobilitytechgreen.com\/en\/case-studies\/&#8221; border_radii=&#8221;on|50px|50px|50px|50px&#8221; border_width_all=&#8221;1px&#8221; border_color_all=&#8221;#cecece&#8221; global_colors_info=&#8221;{}&#8221; background__hover_enabled=&#8221;on|hover&#8221; text_text_color__hover_enabled=&#8221;on|desktop&#8221; text_text_color__hover=&#8221;#ffffff&#8221; border_color_all__hover_enabled=&#8221;on|hover&#8221; border_color_all__hover=&#8221;#2b98af&#8221; background_color__hover=&#8221;#2b98AF&#8221; background_enable_color__hover=&#8221;on&#8221;]<\/p>\n<p style=\"text-align: center;\">Case studies<\/p>\n<p>[\/et_pb_text][\/et_pb_column][et_pb_column type=&#8221;1_4&#8243; _builder_version=&#8221;4.16&#8243; _module_preset=&#8221;default&#8221; global_colors_info=&#8221;{}&#8221;][et_pb_text _builder_version=&#8221;4.16&#8243; _module_preset=&#8221;default&#8221; text_font=&#8221;Montserrat|700|||||||&#8221; text_text_color=&#8221;#666666&#8243; text_font_size=&#8221;16px&#8221; background_color=&#8221;#ffffff&#8221; custom_padding=&#8221;10px||10px||false|false&#8221; link_option_url=&#8221;https:\/\/www.mobilitytechgreen.com\/en\/documentation-mtg&#8221; border_radii=&#8221;on|50px|50px|50px|50px&#8221; border_width_all=&#8221;1px&#8221; border_color_all=&#8221;#cecece&#8221; global_colors_info=&#8221;{}&#8221; background__hover_enabled=&#8221;on|hover&#8221; text_text_color__hover_enabled=&#8221;on|hover&#8221; text_text_color__hover=&#8221;#ffffff&#8221; border_color_all__hover_enabled=&#8221;on|hover&#8221; border_color_all__hover=&#8221;#2b98af&#8221; background_color__hover=&#8221;#2b98AF&#8221; background_enable_color__hover=&#8221;on&#8221;]<\/p>\n<p style=\"text-align: center;\">Documentation<\/p>\n<p>[\/et_pb_text][\/et_pb_column][et_pb_column type=&#8221;1_4&#8243; _builder_version=&#8221;4.16&#8243; _module_preset=&#8221;default&#8221; global_colors_info=&#8221;{}&#8221;][et_pb_text _builder_version=&#8221;4.16&#8243; _module_preset=&#8221;default&#8221; text_font=&#8221;Montserrat|700|||||||&#8221; text_text_color=&#8221;#666666&#8243; text_font_size=&#8221;16px&#8221; background_color=&#8221;#ffffff&#8221; custom_padding=&#8221;10px||10px||false|false&#8221; link_option_url=&#8221;https:\/\/www.mobilitytechgreen.com\/en\/corporate-carsharing-blog\/&#8221; border_radii=&#8221;on|50px|50px|50px|50px&#8221; border_width_all=&#8221;1px&#8221; border_color_all=&#8221;#cecece&#8221; global_colors_info=&#8221;{}&#8221; background__hover_enabled=&#8221;on|hover&#8221; text_text_color__hover_enabled=&#8221;on|hover&#8221; text_text_color__hover=&#8221;#ffffff&#8221; border_color_all__hover_enabled=&#8221;on|hover&#8221; border_color_all__hover=&#8221;#2b98af&#8221; background_color__hover=&#8221;#2b98AF&#8221; background_enable_color__hover=&#8221;on&#8221;]<\/p>\n<p style=\"text-align: center;\">The blog<\/p>\n<p>[\/et_pb_text][\/et_pb_column][\/et_pb_row][\/et_pb_section][et_pb_section fb_built=&#8221;1&#8243; module_id=&#8221;encart-wp&#8221; _builder_version=&#8221;4.16&#8243; _module_preset=&#8221;default&#8221; custom_margin=&#8221;1px|||||&#8221; custom_padding=&#8221;40px|||||&#8221; global_colors_info=&#8221;{}&#8221;][et_pb_row _builder_version=&#8221;4.16&#8243; _module_preset=&#8221;default&#8221; global_colors_info=&#8221;{}&#8221;][et_pb_column type=&#8221;4_4&#8243; _builder_version=&#8221;4.16&#8243; _module_preset=&#8221;default&#8221; global_colors_info=&#8221;{}&#8221;][et_pb_text _builder_version=&#8221;4.16&#8243; _module_preset=&#8221;default&#8221; header_font=&#8221;Montserrat|700|||||||&#8221; header_text_color=&#8221;#666666&#8243; global_colors_info=&#8221;{}&#8221;]<\/p>\n<h1 style=\"text-align: center;\">Our carsharing white papers<\/h1>\n<p>[\/et_pb_text][\/et_pb_column][\/et_pb_row][et_pb_row column_structure=&#8221;1_2,1_2&#8243; make_equal=&#8221;on&#8221; _builder_version=&#8221;4.16&#8243; _module_preset=&#8221;default&#8221; background_enable_color=&#8221;off&#8221; custom_padding=&#8221;9px|25px||25px|false|false&#8221; border_color_top=&#8221;#cecece&#8221; border_style_top=&#8221;dotted&#8221; border_color_left=&#8221;#cecece&#8221; border_style_left=&#8221;dotted&#8221; global_colors_info=&#8221;{}&#8221;][et_pb_column type=&#8221;1_2&#8243; _builder_version=&#8221;4.16&#8243; _module_preset=&#8221;default&#8221; background_color=&#8221;rgba(206,206,206,0.09)&#8221; custom_padding=&#8221;0px|0px|0px|0px|false|false&#8221; border_radii=&#8221;on|5px|5px|5px|5px&#8221; box_shadow_style=&#8221;preset1&#8243; global_colors_info=&#8221;{}&#8221;][et_pb_image src=&#8221;https:\/\/www.mobilitytechgreen.com\/wp-content\/uploads\/2020\/10\/whitepaper-en-min.jpg&#8221; title_text=&#8221;whitepaper-en-min&#8221; url=&#8221;https:\/\/www.mobilitytechgreen.com\/en\/carsharing-white-paper\/&#8221; _builder_version=&#8221;4.16&#8243; _module_preset=&#8221;default&#8221; custom_margin=&#8221;0px||5px||false|false&#8221; custom_padding=&#8221;0px||0px||false|false&#8221; global_colors_info=&#8221;{}&#8221;][\/et_pb_image][et_pb_text _builder_version=&#8221;4.16&#8243; _module_preset=&#8221;default&#8221; text_font=&#8221;Montserrat|||on|||||&#8221; text_text_color=&#8221;#cecece&#8221; custom_margin=&#8221;||17px|||&#8221; custom_padding=&#8221;19px|25px||25px|false|false&#8221; global_colors_info=&#8221;{}&#8221;]<\/p>\n<p>White paper<\/p>\n<p>[\/et_pb_text][et_pb_text _builder_version=&#8221;4.16&#8243; _module_preset=&#8221;default&#8221; text_font=&#8221;Montserrat||||||||&#8221; text_text_color=&#8221;#666666&#8243; text_font_size=&#8221;26px&#8221; custom_margin=&#8221;||16px|||&#8221; custom_padding=&#8221;|25px||25px|false|false&#8221; global_colors_info=&#8221;{}&#8221;]<\/p>\n<p>B2B carsharing: a driver of innovation<\/p>\n<p>[\/et_pb_text][et_pb_text _builder_version=&#8221;4.16&#8243; _module_preset=&#8221;default&#8221; text_orientation=&#8221;justified&#8221; custom_padding=&#8221;|25px||25px|false|false&#8221; global_colors_info=&#8221;{}&#8221;]<\/p>\n<p style=\"text-align: justify;\">In this <strong>white paper<\/strong>, you will find all the informations concerning the <strong>carsharing trends<\/strong>. From the acceptability to technology developments, this white paper describes the corporate carsharing market and its evolutions.<\/p>\n<p>[\/et_pb_text][et_pb_button button_url=&#8221;https:\/\/www.mobilitytechgreen.com\/en\/carsharing-white-paper\/&#8221; button_text=&#8221;Download&#8221; _builder_version=&#8221;4.16&#8243; _module_preset=&#8221;default&#8221; custom_button=&#8221;on&#8221; button_text_size=&#8221;16px&#8221; button_text_color=&#8221;#ffffff&#8221; button_bg_color=&#8221;#2b98AF&#8221; button_border_width=&#8221;2px&#8221; button_border_color=&#8221;#2b98af&#8221; button_font=&#8221;Montserrat||||||||&#8221; custom_margin=&#8221;|25px|31px|25px|false|false&#8221; custom_padding=&#8221;||||false|false&#8221; global_colors_info=&#8221;{}&#8221;][\/et_pb_button][\/et_pb_column][et_pb_column type=&#8221;1_2&#8243; _builder_version=&#8221;4.16&#8243; _module_preset=&#8221;default&#8221; background_color=&#8221;rgba(206,206,206,0.09)&#8221; custom_padding=&#8221;0px|0px|0px|0px|false|false&#8221; border_radii=&#8221;on|5px|5px|5px|5px&#8221; box_shadow_style=&#8221;preset1&#8243; global_colors_info=&#8221;{}&#8221;][et_pb_image src=&#8221;https:\/\/www.mobilitytechgreen.com\/wp-content\/uploads\/2020\/10\/carsharing-guide-en-min.jpg&#8221; title_text=&#8221;carsharing-guide-en-min&#8221; url=&#8221;https:\/\/www.mobilitytechgreen.com\/en\/carsharing-guide\/&#8221; _builder_version=&#8221;4.16&#8243; _module_preset=&#8221;default&#8221; custom_margin=&#8221;0px||5px||false|false&#8221; custom_padding=&#8221;0px||0px||false|false&#8221; global_colors_info=&#8221;{}&#8221;][\/et_pb_image][et_pb_text _builder_version=&#8221;4.16&#8243; _module_preset=&#8221;default&#8221; text_font=&#8221;Montserrat|||on|||||&#8221; text_text_color=&#8221;#cecece&#8221; custom_margin=&#8221;||17px|||&#8221; custom_padding=&#8221;19px|25px||25px|false|false&#8221; global_colors_info=&#8221;{}&#8221;]<\/p>\n<p>White paper<\/p>\n<p>[\/et_pb_text][et_pb_text _builder_version=&#8221;4.16&#8243; _module_preset=&#8221;default&#8221; text_font=&#8221;Montserrat||||||||&#8221; text_text_color=&#8221;#666666&#8243; text_font_size=&#8221;26px&#8221; custom_margin=&#8221;||16px|||&#8221; custom_padding=&#8221;|25px||25px|false|false&#8221; global_colors_info=&#8221;{}&#8221;]<\/p>\n<p>A guide to B2B carsharing<\/p>\n<p>[\/et_pb_text][et_pb_text _builder_version=&#8221;4.16&#8243; _module_preset=&#8221;default&#8221; text_orientation=&#8221;justified&#8221; custom_padding=&#8221;|25px||25px|false|false&#8221; global_colors_info=&#8221;{}&#8221;]<\/p>\n<p style=\"text-align: justify;\">In this guide, you will find all the answers to your questions concerning the <strong>integration of corporate carsharing<\/strong> in your company.<\/p>\n<p>[\/et_pb_text][et_pb_button button_url=&#8221;https:\/\/www.mobilitytechgreen.com\/en\/carsharing-guide\/&#8221; button_text=&#8221;Download&#8221; _builder_version=&#8221;4.16&#8243; _module_preset=&#8221;default&#8221; custom_button=&#8221;on&#8221; button_text_size=&#8221;16px&#8221; button_text_color=&#8221;#ffffff&#8221; button_bg_color=&#8221;#2b98AF&#8221; button_border_width=&#8221;2px&#8221; button_border_color=&#8221;#2b98af&#8221; button_font=&#8221;Montserrat||||||||&#8221; custom_margin=&#8221;|25px|31px|25px|false|false&#8221; custom_padding=&#8221;||||false|false&#8221; global_colors_info=&#8221;{}&#8221;][\/et_pb_button][\/et_pb_column][\/et_pb_row][\/et_pb_section]<\/p>\n","protected":false},"excerpt":{"rendered":"<p>Discover Mobility Tech Green&#8217;s white papersWhite papersCase studiesDocumentationThe blogOur carsharing white papersWhite paperB2B carsharing: a driver of innovationIn this white paper, you will find all the informations concerning the carsharing trends. From the acceptability to technology developments, this white paper describes the corporate carsharing market and its evolutions.White paperA guide to B2B carsharingIn this guide, [&hellip;]<\/p>\n","protected":false},"author":1,"featured_media":0,"parent":0,"menu_order":0,"comment_status":"closed","ping_status":"closed","template":"","meta":{"_et_pb_use_builder":"on","_et_pb_old_content":"<p style=\"text-align: left;\">[cols][col class=\"1\/2\"]<\/p>\n<p style=\"text-align: left;\"><a href=\"https:\/\/www.mobilitytechgreen.com\/livre-blanc-02\/\"><img class=\"alignnone wp-image-4966 size-large\" src=\"https:\/\/www.mobilitytechgreen.com\/wp-content\/uploads\/2016\/12\/livre-blancMTg-705x1024.jpg\" alt=\"livre blanc autopartage\" width=\"705\" height=\"1024\"><\/a><\/p>\n<p style=\"text-align: left;\"><a href=\"https:\/\/www.mobilitytechgreen.com\/livre-blanc-02\/\"><img class=\"alignnone wp-image-5008 size-full\" src=\"https:\/\/www.mobilitytechgreen.com\/wp-content\/uploads\/2016\/12\/Lb-download.png\" width=\"887\" height=\"79\"><\/a><\/p>\n\n<blockquote>\n<p style=\"text-align: left;\">Dans ce livre blanc, vous retrouverez toutes les informations concernant <strong>les tendances de l'autopartage<\/strong>.&nbsp;De l\u2019acceptabilit\u00e9 d\u2019un service d\u2019autopartage aux \u00e9volutions technologiques, ce livre blanc pose <strong>un regard objectif sur le march\u00e9 et son \u00e9volution<\/strong>.<\/p>\n<\/blockquote>\n<p style=\"text-align: left;\">[\/col][col class=\"1\/2 last\"]<\/p>\n<p style=\"text-align: left;\"><a href=\"https:\/\/www.mobilitytechgreen.com\/livre-blanc-01\/\"><img class=\"alignnone wp-image-4962 size-large\" src=\"https:\/\/www.mobilitytechgreen.com\/wp-content\/uploads\/2016\/12\/Capture-d\u2019\u00e9cran-2016-12-15-\u00e0-15.06.26-705x1024.png\" alt=\"guide autopartage\" width=\"705\" height=\"1024\"><\/a><\/p>\n<p style=\"text-align: left;\"><a href=\"https:\/\/www.mobilitytechgreen.com\/livre-blanc-01\/\"><img class=\"alignnone size-full wp-image-4975\" src=\"https:\/\/www.mobilitytechgreen.com\/wp-content\/uploads\/2016\/12\/Capture-d\u2019\u00e9cran-2016-12-15-\u00e0-15.22.08.png\" alt=\"telecharger guide\" width=\"887\" height=\"79\"><\/a><\/p>\n\n<blockquote>\n<p style=\"text-align: left;\">Dans ce&nbsp;guide, vous trouverez toutes les r\u00e9ponses \u00e0 vos questions concernant <strong>l'int\u00e9gration d'un service d'autopartage<\/strong> en entreprise ou collectivit\u00e9. <strong>Orient\u00e9 op\u00e9rationnel<\/strong>, ce guide \u00e0 pour but de bien vous aider \u00e0 formuler vos&nbsp;probl\u00e9matiques de mobilit\u00e9.<\/p>\n<\/blockquote>\n<p style=\"text-align: left;\">[\/col]\n[\/cols]","_et_gb_content_width":"","footnotes":""},"categories":[],"tags":[],"folder":[1213],"class_list":["post-6073","page","type-page","status-publish","hentry"],"yoast_head":"<title>Corporate car sharing white papers | Mobility Tech Green<\/title>\n<meta name=\"description\" content=\"Want to learn more about car sharing? We have what you need! Download our free white papers right now to become an expert on the subject.\" \/>\n<meta name=\"robots\" content=\"index, follow, max-snippet:-1, max-image-preview:large, max-video-preview:-1\" \/>\n<link rel=\"canonical\" href=\"https:\/\/www.mobilitytechgreen.com\/en\/whitepapers\/\" \/>\n<meta property=\"og:locale\" content=\"en_US\" \/>\n<meta property=\"og:type\" content=\"article\" \/>\n<meta property=\"og:title\" content=\"Corporate car sharing white papers | Mobility Tech Green\" \/>\n<meta property=\"og:description\" content=\"Want to learn more about car sharing? We have what you need! Download our free white papers right now to become an expert on the subject.\" \/>\n<meta property=\"og:url\" content=\"https:\/\/www.mobilitytechgreen.com\/en\/whitepapers\/\" \/>\n<meta property=\"og:site_name\" content=\"Mobility Tech Green | Autopartage pour entreprises et collectivit\u00e9s\" \/>\n<meta property=\"article:modified_time\" content=\"2023-02-22T13:16:12+00:00\" \/>\n<meta name=\"twitter:card\" content=\"summary_large_image\" \/>\n<meta name=\"twitter:label1\" content=\"Est. reading time\" \/>\n\t<meta name=\"twitter:data1\" content=\"7 minutes\" \/>\n<script type=\"application\/ld+json\" class=\"yoast-schema-graph\">{\"@context\":\"https:\\\/\\\/schema.org\",\"@graph\":[{\"@type\":\"WebPage\",\"@id\":\"https:\\\/\\\/www.mobilitytechgreen.com\\\/nos-guides-autopartage\\\/\",\"url\":\"https:\\\/\\\/www.mobilitytechgreen.com\\\/en\\\/whitepapers\\\/\",\"name\":\"Corporate car sharing white papers | Mobility Tech Green\",\"isPartOf\":{\"@id\":\"https:\\\/\\\/www.mobilitytechgreen.com\\\/#website\"},\"datePublished\":\"2017-05-16T09:00:20+00:00\",\"dateModified\":\"2023-02-22T13:16:12+00:00\",\"description\":\"Want to learn more about car sharing? We have what you need! Download our free white papers right now to become an expert on the subject.\",\"breadcrumb\":{\"@id\":\"https:\\\/\\\/www.mobilitytechgreen.com\\\/en\\\/whitepapers\\\/#breadcrumb\"},\"inLanguage\":\"en-US\",\"potentialAction\":[{\"@type\":\"ReadAction\",\"target\":[\"https:\\\/\\\/www.mobilitytechgreen.com\\\/en\\\/whitepapers\\\/\"]}]},{\"@type\":\"BreadcrumbList\",\"@id\":\"https:\\\/\\\/www.mobilitytechgreen.com\\\/en\\\/whitepapers\\\/#breadcrumb\",\"itemListElement\":[{\"@type\":\"ListItem\",\"position\":1,\"name\":\"Accueil\",\"item\":\"https:\\\/\\\/www.mobilitytechgreen.com\\\/en\\\/corporate-car-sharing\\\/\"},{\"@type\":\"ListItem\",\"position\":2,\"name\":\"Corporate car sharing white papers | Mobility Tech Green\"}]},{\"@type\":\"WebSite\",\"@id\":\"https:\\\/\\\/www.mobilitytechgreen.com\\\/#website\",\"url\":\"https:\\\/\\\/www.mobilitytechgreen.com\\\/\",\"name\":\"Mobility Tech Green | Autopartage pour entreprises et collectivit\u00e9s\",\"description\":\"Leader de l&#039;autopartage pour entreprises et collectivit\u00e9s\",\"publisher\":{\"@id\":\"https:\\\/\\\/www.mobilitytechgreen.com\\\/#organization\"},\"potentialAction\":[{\"@type\":\"SearchAction\",\"target\":{\"@type\":\"EntryPoint\",\"urlTemplate\":\"https:\\\/\\\/www.mobilitytechgreen.com\\\/?s={search_term_string}\"},\"query-input\":{\"@type\":\"PropertyValueSpecification\",\"valueRequired\":true,\"valueName\":\"search_term_string\"}}],\"inLanguage\":\"en-US\"},{\"@type\":\"Organization\",\"@id\":\"https:\\\/\\\/www.mobilitytechgreen.com\\\/#organization\",\"name\":\"Mobility Tech Green\",\"url\":\"https:\\\/\\\/www.mobilitytechgreen.com\\\/\",\"logo\":{\"@type\":\"ImageObject\",\"inLanguage\":\"en-US\",\"@id\":\"https:\\\/\\\/www.mobilitytechgreen.com\\\/#\\\/schema\\\/logo\\\/image\\\/\",\"url\":\"https:\\\/\\\/www.mobilitytechgreen.com\\\/wp-content\\\/uploads\\\/2018\\\/11\\\/MTG-300_logo.png\",\"contentUrl\":\"https:\\\/\\\/www.mobilitytechgreen.com\\\/wp-content\\\/uploads\\\/2018\\\/11\\\/MTG-300_logo.png\",\"width\":1485,\"height\":435,\"caption\":\"Mobility Tech Green\"},\"image\":{\"@id\":\"https:\\\/\\\/www.mobilitytechgreen.com\\\/#\\\/schema\\\/logo\\\/image\\\/\"}}]}<\/script>","yoast_head_json":{"title":"Corporate car sharing white papers | Mobility Tech Green","description":"Want to learn more about car sharing? We have what you need! Download our free white papers right now to become an expert on the subject.","robots":{"index":"index","follow":"follow","max-snippet":"max-snippet:-1","max-image-preview":"max-image-preview:large","max-video-preview":"max-video-preview:-1"},"canonical":"https:\/\/www.mobilitytechgreen.com\/en\/whitepapers\/","og_locale":"en_US","og_type":"article","og_title":"Corporate car sharing white papers | Mobility Tech Green","og_description":"Want to learn more about car sharing? We have what you need! Download our free white papers right now to become an expert on the subject.","og_url":"https:\/\/www.mobilitytechgreen.com\/en\/whitepapers\/","og_site_name":"Mobility Tech Green | Autopartage pour entreprises et collectivit\u00e9s","article_modified_time":"2023-02-22T13:16:12+00:00","twitter_card":"summary_large_image","twitter_misc":{"Est. reading time":"7 minutes"},"schema":{"@context":"https:\/\/schema.org","@graph":[{"@type":"WebPage","@id":"https:\/\/www.mobilitytechgreen.com\/nos-guides-autopartage\/","url":"https:\/\/www.mobilitytechgreen.com\/en\/whitepapers\/","name":"Corporate car sharing white papers | Mobility Tech Green","isPartOf":{"@id":"https:\/\/www.mobilitytechgreen.com\/#website"},"datePublished":"2017-05-16T09:00:20+00:00","dateModified":"2023-02-22T13:16:12+00:00","description":"Want to learn more about car sharing? We have what you need! Download our free white papers right now to become an expert on the subject.","breadcrumb":{"@id":"https:\/\/www.mobilitytechgreen.com\/en\/whitepapers\/#breadcrumb"},"inLanguage":"en-US","potentialAction":[{"@type":"ReadAction","target":["https:\/\/www.mobilitytechgreen.com\/en\/whitepapers\/"]}]},{"@type":"BreadcrumbList","@id":"https:\/\/www.mobilitytechgreen.com\/en\/whitepapers\/#breadcrumb","itemListElement":[{"@type":"ListItem","position":1,"name":"Accueil","item":"https:\/\/www.mobilitytechgreen.com\/en\/corporate-car-sharing\/"},{"@type":"ListItem","position":2,"name":"Corporate car sharing white papers | Mobility Tech Green"}]},{"@type":"WebSite","@id":"https:\/\/www.mobilitytechgreen.com\/#website","url":"https:\/\/www.mobilitytechgreen.com\/","name":"Mobility Tech Green | Autopartage pour entreprises et collectivit\u00e9s","description":"Leader de l&#039;autopartage pour entreprises et collectivit\u00e9s","publisher":{"@id":"https:\/\/www.mobilitytechgreen.com\/#organization"},"potentialAction":[{"@type":"SearchAction","target":{"@type":"EntryPoint","urlTemplate":"https:\/\/www.mobilitytechgreen.com\/?s={search_term_string}"},"query-input":{"@type":"PropertyValueSpecification","valueRequired":true,"valueName":"search_term_string"}}],"inLanguage":"en-US"},{"@type":"Organization","@id":"https:\/\/www.mobilitytechgreen.com\/#organization","name":"Mobility Tech Green","url":"https:\/\/www.mobilitytechgreen.com\/","logo":{"@type":"ImageObject","inLanguage":"en-US","@id":"https:\/\/www.mobilitytechgreen.com\/#\/schema\/logo\/image\/","url":"https:\/\/www.mobilitytechgreen.com\/wp-content\/uploads\/2018\/11\/MTG-300_logo.png","contentUrl":"https:\/\/www.mobilitytechgreen.com\/wp-content\/uploads\/2018\/11\/MTG-300_logo.png","width":1485,"height":435,"caption":"Mobility Tech Green"},"image":{"@id":"https:\/\/www.mobilitytechgreen.com\/#\/schema\/logo\/image\/"}}]}},"_links":{"self":[{"href":"https:\/\/www.mobilitytechgreen.com\/en\/wp-json\/wp\/v2\/pages\/6073","targetHints":{"allow":["GET"]}}],"collection":[{"href":"https:\/\/www.mobilitytechgreen.com\/en\/wp-json\/wp\/v2\/pages"}],"about":[{"href":"https:\/\/www.mobilitytechgreen.com\/en\/wp-json\/wp\/v2\/types\/page"}],"author":[{"embeddable":true,"href":"https:\/\/www.mobilitytechgreen.com\/en\/wp-json\/wp\/v2\/users\/1"}],"replies":[{"embeddable":true,"href":"https:\/\/www.mobilitytechgreen.com\/en\/wp-json\/wp\/v2\/comments?post=6073"}],"version-history":[{"count":0,"href":"https:\/\/www.mobilitytechgreen.com\/en\/wp-json\/wp\/v2\/pages\/6073\/revisions"}],"wp:attachment":[{"href":"https:\/\/www.mobilitytechgreen.com\/en\/wp-json\/wp\/v2\/media?parent=6073"}],"wp:term":[{"taxonomy":"category","embeddable":true,"href":"https:\/\/www.mobilitytechgreen.com\/en\/wp-json\/wp\/v2\/categories?post=6073"},{"taxonomy":"post_tag","embeddable":true,"href":"https:\/\/www.mobilitytechgreen.com\/en\/wp-json\/wp\/v2\/tags?post=6073"},{"taxonomy":"folder","embeddable":true,"href":"https:\/\/www.mobilitytechgreen.com\/en\/wp-json\/wp\/v2\/folder?post=6073"}],"curies":[{"name":"wp","href":"https:\/\/api.w.org\/{rel}","templated":true}]}}