{"id":30511,"date":"2019-11-25T14:30:10","date_gmt":"2019-11-25T13:30:10","guid":{"rendered":"https:\/\/www.mobilitytechgreen.com\/?page_id=30511"},"modified":"2024-09-26T17:35:08","modified_gmt":"2024-09-26T15:35:08","slug":"etude-de-cas-velopartage","status":"publish","type":"page","link":"https:\/\/www.mobilitytechgreen.com\/en\/etude-de-cas-velopartage\/","title":{"rendered":"\u00c9tude de cas : Expleo | Mobility Tech Green"},"content":{"rendered":"<p>[et_pb_section fb_built=&#8221;1&#8243; module_id=&#8221;edc_expleo&#8221; _builder_version=&#8221;4.17.1&#8243; _module_preset=&#8221;default&#8221; use_background_color_gradient=&#8221;on&#8221; background_color_gradient_direction=&#8221;45deg&#8221; background_color_gradient_stops=&#8221;#76b02b 0%|rgba(43,152,175,0.72) 100%&#8221; background_color_gradient_overlays_image=&#8221;on&#8221; background_color_gradient_start=&#8221;#76b02b&#8221; background_color_gradient_end=&#8221;rgba(43,152,175,0.72)&#8221; background_image=&#8221;https:\/\/www.mobilitytechgreen.com\/wp-content\/uploads\/2020\/03\/velopartage-expleo-1-e1585303738635.jpg&#8221; custom_padding=&#8221;88px||44px|||&#8221; global_colors_info=&#8221;{}&#8221;][et_pb_row column_structure=&#8221;3_5,2_5&#8243; _builder_version=&#8221;4.17.1&#8243; _module_preset=&#8221;default&#8221; global_colors_info=&#8221;{}&#8221;][et_pb_column type=&#8221;3_5&#8243; _builder_version=&#8221;4.16&#8243; _module_preset=&#8221;default&#8221; global_colors_info=&#8221;{}&#8221;][et_pb_text _builder_version=&#8221;4.17.1&#8243; _module_preset=&#8221;default&#8221; text_font=&#8221;Montserrat||||||||&#8221; text_font_size=&#8221;20px&#8221; header_font=&#8221;Montserrat|700|||||||&#8221; header_font_size=&#8221;52px&#8221; custom_margin=&#8221;79px|||||&#8221; header_font_size_tablet=&#8221;52px&#8221; header_font_size_phone=&#8221;41px&#8221; header_font_size_last_edited=&#8221;on|desktop&#8221; global_colors_info=&#8221;{}&#8221;]<\/p>\n<p><span style=\"color: #ffffff;\">Etude de cas client<\/span><\/p>\n<h1><span style=\"color: #ffffff;\">Comment le groupe Expleo France a t-il int\u00e9gr\u00e9 le v\u00e9lopartage dans sa strat\u00e9gie de mobilit\u00e9 globale ?<\/span><\/h1>\n<p>[\/et_pb_text][\/et_pb_column][et_pb_column type=&#8221;2_5&#8243; _builder_version=&#8221;4.17.1&#8243; _module_preset=&#8221;default&#8221; background_color=&#8221;#FFFFFF&#8221; custom_padding=&#8221;5%|3%|5%|3%|false|true&#8221; border_radii=&#8221;on|5px|5px|5px|5px&#8221; global_colors_info=&#8221;{}&#8221;][et_pb_text _builder_version=&#8221;4.18.0&#8243; background_enable_color=&#8221;off&#8221; custom_padding=&#8221;0px|24px||25px|false|false&#8221; global_colors_info=&#8221;{}&#8221;]<iframe loading=\"lazy\" src=\"https:\/\/go.mobilitytechgreen.com\/l\/298792\/2019-09-05\/63rl8\" width=\"100%\" height=\"360\" type=\"text\/html\" frameborder=\"0\" allowTransparency=\"true\" style=\"border: 0\"><\/iframe>[\/et_pb_text][\/et_pb_column][\/et_pb_row][\/et_pb_section][et_pb_section fb_built=&#8221;1&#8243; _builder_version=&#8221;4.16&#8243; _module_preset=&#8221;default&#8221; global_colors_info=&#8221;{}&#8221;][et_pb_row column_structure=&#8221;1_2,1_2&#8243; _builder_version=&#8221;4.16&#8243; _module_preset=&#8221;default&#8221; global_colors_info=&#8221;{}&#8221;][et_pb_column type=&#8221;1_2&#8243; _builder_version=&#8221;4.16&#8243; _module_preset=&#8221;default&#8221; global_colors_info=&#8221;{}&#8221;][et_pb_text _builder_version=&#8221;4.17.1&#8243; _module_preset=&#8221;default&#8221; header_2_font=&#8221;Montserrat|700|||||||&#8221; header_2_text_color=&#8221;#666666&#8243; header_2_font_size=&#8221;35px&#8221; custom_margin=&#8221;||17px|||&#8221; global_colors_info=&#8221;{}&#8221;]<\/p>\n<h2>\u00c0 propos du client<\/h2>\n<p>[\/et_pb_text][et_pb_text _builder_version=&#8221;4.19.5&#8243; _module_preset=&#8221;default&#8221; text_text_color=&#8221;#666666&#8243; text_font_size=&#8221;16px&#8221; hover_enabled=&#8221;0&#8243; global_colors_info=&#8221;{}&#8221; sticky_enabled=&#8221;0&#8243;]<\/p>\n<p style=\"text-align: justify;\">Le <strong>groupe Expleo <\/strong>est un prestataire de services en ing\u00e9nierie, technologie et conseil. Il accompagne des entreprises aussi bien en Europe qu&#8217;\u00e0 l&#8217;international dans leurs d\u00e9marches d&#8217;innovation.<\/p>\n<p style=\"text-align: justify;\"><strong><\/strong>Apr\u00e8s cinq ans de partenariat autour de l\u2019autopartage, <strong>Expleo<\/strong> a \u00e9tendu son offre de mobilit\u00e9 avec du <span class=\"s1\">v\u00e9lopartage <\/span>pour accentuer sa d\u00e9marche d\u2019<strong>\u00e9co-mobilit\u00e9<\/strong>. D\u00e9couvrez comment dans cette \u00e9tude de cas !<\/p>\n<p>[\/et_pb_text][\/et_pb_column][et_pb_column type=&#8221;1_2&#8243; _builder_version=&#8221;4.16&#8243; _module_preset=&#8221;default&#8221; global_colors_info=&#8221;{}&#8221;][et_pb_image src=&#8221;https:\/\/www.mobilitytechgreen.com\/wp-content\/uploads\/2019\/12\/expleo_logo.png&#8221; align=&#8221;center&#8221; _builder_version=&#8221;4.17.1&#8243; width=&#8221;64%&#8221; custom_margin=&#8221;41px||||false|false&#8221; global_colors_info=&#8221;{}&#8221;][\/et_pb_image][\/et_pb_column][\/et_pb_row][et_pb_row column_structure=&#8221;1_3,1_3,1_3&#8243; _builder_version=&#8221;4.17.1&#8243; _module_preset=&#8221;default&#8221; border_radii=&#8221;on|5px|5px|5px|5px&#8221; border_width_all=&#8221;1px&#8221; border_color_all=&#8221;#cecece&#8221; global_colors_info=&#8221;{}&#8221;][et_pb_column type=&#8221;1_3&#8243; _builder_version=&#8221;4.17.1&#8243; _module_preset=&#8221;default&#8221; global_colors_info=&#8221;{}&#8221;][et_pb_text _builder_version=&#8221;4.16&#8243; text_font=&#8221;Montserrat|300|||||||&#8221; text_text_color=&#8221;#666666&#8243; text_font_size=&#8221;16px&#8221; header_font=&#8221;||||||||&#8221; header_3_font=&#8221;|300|||||||&#8221; header_3_font_size=&#8221;20px&#8221; max_width=&#8221;97%&#8221; module_alignment=&#8221;center&#8221; custom_margin=&#8221;||5px|||&#8221; global_colors_info=&#8221;{}&#8221;]<\/p>\n<p style=\"text-align: center;\">Lancement<\/p>\n<p>[\/et_pb_text][et_pb_text _builder_version=&#8221;4.17.1&#8243; text_font=&#8221;Montserrat||||||||&#8221; text_text_color=&#8221;#76b02b&#8221; text_font_size=&#8221;25px&#8221; global_colors_info=&#8221;{}&#8221;]<\/p>\n<p style=\"text-align: center;\"><span><strong>2019<\/strong><\/span><\/p>\n<p>[\/et_pb_text][\/et_pb_column][et_pb_column type=&#8221;1_3&#8243; _builder_version=&#8221;4.17.1&#8243; _module_preset=&#8221;default&#8221; global_colors_info=&#8221;{}&#8221;][et_pb_text _builder_version=&#8221;4.16&#8243; text_font=&#8221;Montserrat|300|||||||&#8221; text_text_color=&#8221;#666666&#8243; text_font_size=&#8221;16px&#8221; header_font=&#8221;||||||||&#8221; header_3_font=&#8221;|300|||||||&#8221; header_3_font_size=&#8221;20px&#8221; max_width=&#8221;97%&#8221; module_alignment=&#8221;center&#8221; custom_margin=&#8221;||5px|||&#8221; global_colors_info=&#8221;{}&#8221;]<\/p>\n<p style=\"text-align: center;\">Secteur<\/p>\n<p>[\/et_pb_text][et_pb_text _builder_version=&#8221;4.17.1&#8243; text_font=&#8221;Montserrat||||||||&#8221; text_text_color=&#8221;#76b02b&#8221; text_font_size=&#8221;25px&#8221; global_colors_info=&#8221;{}&#8221;]<\/p>\n<p style=\"text-align: center;\"><span><strong>SSII<\/strong><\/span><\/p>\n<p>[\/et_pb_text][\/et_pb_column][et_pb_column type=&#8221;1_3&#8243; _builder_version=&#8221;4.17.1&#8243; _module_preset=&#8221;default&#8221; global_colors_info=&#8221;{}&#8221;][et_pb_text _builder_version=&#8221;4.17.1&#8243; text_font=&#8221;Montserrat|300|||||||&#8221; text_text_color=&#8221;#666666&#8243; text_font_size=&#8221;16px&#8221; header_font=&#8221;||||||||&#8221; header_3_font=&#8221;|300|||||||&#8221; header_3_font_size=&#8221;20px&#8221; max_width=&#8221;97%&#8221; module_alignment=&#8221;center&#8221; custom_margin=&#8221;||5px|||&#8221; global_colors_info=&#8221;{}&#8221;]<\/p>\n<p style=\"text-align: center;\">Utilisation<\/p>\n<p>[\/et_pb_text][et_pb_text _builder_version=&#8221;4.17.1&#8243; text_font=&#8221;Montserrat||||||||&#8221; text_text_color=&#8221;#76b02b&#8221; text_font_size=&#8221;25px&#8221; global_colors_info=&#8221;{}&#8221;]<\/p>\n<p style=\"text-align: center;\"><span><strong>Professionnelle<\/strong><\/span><\/p>\n<p>[\/et_pb_text][\/et_pb_column][\/et_pb_row][\/et_pb_section][et_pb_section fb_built=&#8221;1&#8243; _builder_version=&#8221;4.16&#8243; _module_preset=&#8221;default&#8221; use_background_color_gradient=&#8221;on&#8221; background_color_gradient_direction=&#8221;45deg&#8221; background_color_gradient_stops=&#8221;#76b02b 0%|#2b98af 100%&#8221; background_color_gradient_start=&#8221;#76b02b&#8221; background_color_gradient_end=&#8221;#2b98af&#8221; global_colors_info=&#8221;{}&#8221;][et_pb_row column_structure=&#8221;1_3,1_3,1_3&#8243; make_equal=&#8221;on&#8221; _builder_version=&#8221;4.16&#8243; _module_preset=&#8221;default&#8221; global_colors_info=&#8221;{}&#8221;][et_pb_column type=&#8221;1_3&#8243; _builder_version=&#8221;4.16&#8243; _module_preset=&#8221;default&#8221; background_color=&#8221;#FFFFFF&#8221; custom_padding=&#8221;3%|5%|3%|5%|false|false&#8221; border_radii=&#8221;on|5px|5px|5px|5px&#8221; border_width_all=&#8221;1px&#8221; border_color_all=&#8221;#cecece&#8221; global_colors_info=&#8221;{}&#8221;][et_pb_image src=&#8221;https:\/\/www.mobilitytechgreen.com\/wp-content\/uploads\/2020\/03\/objectif-valorex.png&#8221; alt=&#8221;Objectif autopartage Valorex&#8221; title_text=&#8221;objectif-valorex&#8221; _builder_version=&#8221;4.17.1&#8243; _module_preset=&#8221;default&#8221; width=&#8221;50%&#8221; width_tablet=&#8221;50%&#8221; width_phone=&#8221;50%&#8221; width_last_edited=&#8221;on|phone&#8221; module_alignment=&#8221;center&#8221; global_colors_info=&#8221;{}&#8221;][\/et_pb_image][et_pb_text _builder_version=&#8221;4.16&#8243; _module_preset=&#8221;default&#8221; text_font=&#8221;Montserrat|700|||||||&#8221; text_font_size=&#8221;18px&#8221; global_colors_info=&#8221;{}&#8221;]<\/p>\n<p style=\"text-align: center;\">L&#8217;objectif<\/p>\n<p>[\/et_pb_text][et_pb_text _builder_version=&#8221;4.17.1&#8243; _module_preset=&#8221;default&#8221; text_font_size=&#8221;16px&#8221; global_colors_info=&#8221;{}&#8221;]<\/p>\n<p style=\"text-align: center;\"><span>R\u00e9duire l&#8217;empreinte carbone de l&#8217;entreprise et optimiser le budget mobilit\u00e9.<\/span><\/p>\n<p>[\/et_pb_text][\/et_pb_column][et_pb_column type=&#8221;1_3&#8243; _builder_version=&#8221;4.16&#8243; _module_preset=&#8221;default&#8221; background_color=&#8221;#FFFFFF&#8221; custom_padding=&#8221;3%|5%|3%|5%|false|false&#8221; border_radii=&#8221;on|5px|5px|5px|5px&#8221; border_width_all=&#8221;1px&#8221; border_color_all=&#8221;#cecece&#8221; global_colors_info=&#8221;{}&#8221;][et_pb_image src=&#8221;https:\/\/www.mobilitytechgreen.com\/wp-content\/uploads\/2020\/03\/challenge-valorex.png&#8221; alt=&#8221;Challenge autopartage Valorex&#8221; title_text=&#8221;challenge-valorex&#8221; _builder_version=&#8221;4.17.1&#8243; _module_preset=&#8221;default&#8221; width=&#8221;50%&#8221; width_tablet=&#8221;50%&#8221; width_phone=&#8221;50%&#8221; width_last_edited=&#8221;on|phone&#8221; module_alignment=&#8221;center&#8221; global_colors_info=&#8221;{}&#8221;][\/et_pb_image][et_pb_text _builder_version=&#8221;4.16&#8243; _module_preset=&#8221;default&#8221; text_font=&#8221;Montserrat|700|||||||&#8221; text_font_size=&#8221;18px&#8221; global_colors_info=&#8221;{}&#8221;]<\/p>\n<p style=\"text-align: center;\">Le challenge<\/p>\n<p>[\/et_pb_text][et_pb_text _builder_version=&#8221;4.17.1&#8243; _module_preset=&#8221;default&#8221; text_font_size=&#8221;16px&#8221; global_colors_info=&#8221;{}&#8221;]<\/p>\n<p style=\"text-align: center;\">Int\u00e9grer ce nouveau service sur la m\u00eame plateforme de r\u00e9servation que l&#8217;autopartage.<\/p>\n<p>[\/et_pb_text][\/et_pb_column][et_pb_column type=&#8221;1_3&#8243; _builder_version=&#8221;4.16&#8243; _module_preset=&#8221;default&#8221; background_color=&#8221;#FFFFFF&#8221; custom_padding=&#8221;3%|5%|3%|5%|false|false&#8221; border_radii=&#8221;on|5px|5px|5px|5px&#8221; border_width_all=&#8221;1px&#8221; border_color_all=&#8221;#cecece&#8221; global_colors_info=&#8221;{}&#8221;][et_pb_image src=&#8221;https:\/\/www.mobilitytechgreen.com\/wp-content\/uploads\/2020\/03\/resultats-valorex.png&#8221; alt=&#8221;R\u00e9sultats autopartage&#8221; title_text=&#8221;resultats-valorex&#8221; _builder_version=&#8221;4.17.1&#8243; _module_preset=&#8221;default&#8221; width=&#8221;50%&#8221; width_tablet=&#8221;50%&#8221; width_phone=&#8221;50%&#8221; width_last_edited=&#8221;on|phone&#8221; module_alignment=&#8221;center&#8221; global_colors_info=&#8221;{}&#8221;][\/et_pb_image][et_pb_text _builder_version=&#8221;4.16&#8243; _module_preset=&#8221;default&#8221; text_font=&#8221;Montserrat|700|||||||&#8221; text_font_size=&#8221;18px&#8221; global_colors_info=&#8221;{}&#8221;]<\/p>\n<p style=\"text-align: center;\">La solution<\/p>\n<p>[\/et_pb_text][et_pb_text _builder_version=&#8221;4.17.1&#8243; _module_preset=&#8221;default&#8221; text_font_size=&#8221;16px&#8221; global_colors_info=&#8221;{}&#8221;]<\/p>\n<p style=\"text-align: center;\"><span>Un service appr\u00e9ci\u00e9 par les salari\u00e9s et devant \u00eatre introduit sur d&#8217;autres sites du groupe.<\/span><\/p>\n<p>[\/et_pb_text][\/et_pb_column][\/et_pb_row][\/et_pb_section][et_pb_section fb_built=&#8221;1&#8243; _builder_version=&#8221;4.16&#8243; _module_preset=&#8221;default&#8221; custom_padding=&#8221;32px|||||&#8221; global_colors_info=&#8221;{}&#8221;][et_pb_row _builder_version=&#8221;4.16&#8243; _module_preset=&#8221;default&#8221; custom_margin=&#8221;0px||||false|false&#8221; custom_padding=&#8221;2%|2%|2%|2%|false|false&#8221; border_radii=&#8221;on|5px|5px|5px|5px&#8221; box_shadow_style=&#8221;preset2&#8243; box_shadow_blur=&#8221;0px&#8221; box_shadow_color=&#8221;#2b98af&#8221; global_colors_info=&#8221;{}&#8221;][et_pb_column type=&#8221;4_4&#8243; _builder_version=&#8221;4.16&#8243; _module_preset=&#8221;default&#8221; global_colors_info=&#8221;{}&#8221;][et_pb_text _builder_version=&#8221;4.17.1&#8243; _module_preset=&#8221;default&#8221; text_font=&#8221;Montserrat||||||||&#8221; text_font_size=&#8221;19px&#8221; custom_padding=&#8221;|||2%|false|false&#8221; text_font_size_tablet=&#8221;19px&#8221; text_font_size_phone=&#8221;15px&#8221; text_font_size_last_edited=&#8221;on|phone&#8221; border_color_all=&#8221;#2b98af&#8221; border_width_left=&#8221;4px&#8221; global_colors_info=&#8221;{}&#8221;]<\/p>\n<p style=\"text-align: justify;\">Nous travaillons \u00e0 proposer des solutions de <strong>mobilit\u00e9 \u00e9coresponsable<\/strong> \u00e0 nos collaborateurs. Nous avions fait le choix de la plateforme de Mobility Tech Green pour d\u00e9velopper notre syst\u00e8me d\u2019autopartage, convaincus par la <strong>fiabilit\u00e9<\/strong> et la <strong>souplesse de l\u2019interface<\/strong>. Nous \u00e9tendons aujourd\u2019hui notre partenariat avec le lancement d\u2019un service de <strong>v\u00e9lopartage<\/strong>.<span>\u00a0\u00bb<\/span><\/p>\n<p style=\"text-align: right; font-size: 0.7em;\">Sandrine Dalais, Responsable Parcs Automobiles chez Expleo<\/p>\n<p>[\/et_pb_text][\/et_pb_column][\/et_pb_row][\/et_pb_section][et_pb_section fb_built=&#8221;1&#8243; _builder_version=&#8221;4.16&#8243; _module_preset=&#8221;default&#8221; use_background_color_gradient=&#8221;on&#8221; background_color_gradient_direction=&#8221;45deg&#8221; background_color_gradient_stops=&#8221;#76b02b 0%|#2b98af 100%&#8221; background_color_gradient_start=&#8221;#76b02b&#8221; background_color_gradient_end=&#8221;#2b98af&#8221; global_colors_info=&#8221;{}&#8221;][et_pb_row column_structure=&#8221;1_3,2_3&#8243; _builder_version=&#8221;4.17.1&#8243; _module_preset=&#8221;default&#8221; global_colors_info=&#8221;{}&#8221;][et_pb_column type=&#8221;1_3&#8243; _builder_version=&#8221;4.16&#8243; _module_preset=&#8221;default&#8221; global_colors_info=&#8221;{}&#8221;][et_pb_image src=&#8221;https:\/\/www.mobilitytechgreen.com\/wp-content\/uploads\/2020\/10\/edc-expleo-min1.png&#8221; alt=&#8221;\u00c9tude de cas Expleo velopartage&#8221; title_text=&#8221;edc-expleo-min(1)&#8221; _builder_version=&#8221;4.17.1&#8243; _module_preset=&#8221;default&#8221; custom_margin=&#8221;-131px||||false|false&#8221; global_colors_info=&#8221;{}&#8221;][\/et_pb_image][\/et_pb_column][et_pb_column type=&#8221;2_3&#8243; _builder_version=&#8221;4.16&#8243; _module_preset=&#8221;default&#8221; global_colors_info=&#8221;{}&#8221;][et_pb_text _builder_version=&#8221;4.17.1&#8243; _module_preset=&#8221;default&#8221; text_font=&#8221;Montserrat||||||||&#8221; text_font_size=&#8221;21px&#8221; text_orientation=&#8221;justified&#8221; width=&#8221;100%&#8221; module_alignment=&#8221;center&#8221; global_colors_info=&#8221;{}&#8221;]<\/p>\n<p style=\"text-align: justify;\"><span style=\"color: #ffffff;\">Vous souhaitez en savoir plus sur l&#8217;introduction du service de <strong>v\u00e9lopartage<\/strong> au sein du groupe <strong>Expleo France<\/strong> ?<\/span><\/p>\n<p>[\/et_pb_text][et_pb_button button_url=&#8221;#edc_expleo&#8221; button_text=&#8221;T\u00e9l\u00e9charger l&#8217;\u00e9tude de cas&#8221; button_alignment=&#8221;left&#8221; _builder_version=&#8221;4.18.0&#8243; _module_preset=&#8221;default&#8221; custom_button=&#8221;on&#8221; button_text_color=&#8221;#FFFFFF&#8221; button_bg_color=&#8221;#ff735c&#8221; button_bg_color_gradient_direction=&#8221;45deg&#8221; button_bg_color_gradient_stops=&#8221;#76b02b 0%|#2b98af 100%&#8221; button_bg_color_gradient_start=&#8221;#76b02b&#8221; button_bg_color_gradient_end=&#8221;#2b98af&#8221; button_border_color=&#8221;#ff735c&#8221; button_border_radius=&#8221;5px&#8221; button_font=&#8221;Montserrat||||||||&#8221; global_colors_info=&#8221;{}&#8221;][\/et_pb_button][\/et_pb_column][\/et_pb_row][\/et_pb_section]<\/p>\n","protected":false},"excerpt":{"rendered":"<p>Etude de cas client Comment le groupe Expleo France a t-il int\u00e9gr\u00e9 le v\u00e9lopartage dans sa strat\u00e9gie de mobilit\u00e9 globale ?\u00c0 propos du clientLe groupe Expleo est un prestataire de services en ing\u00e9nierie, technologie et conseil. Il accompagne des entreprises aussi bien en Europe qu&#8217;\u00e0 l&#8217;international dans leurs d\u00e9marches d&#8217;innovation. Apr\u00e8s cinq ans de partenariat [&hellip;]<\/p>\n","protected":false},"author":3,"featured_media":0,"parent":0,"menu_order":0,"comment_status":"closed","ping_status":"closed","template":"","meta":{"_et_pb_use_builder":"on","_et_pb_old_content":"","_et_gb_content_width":"","footnotes":""},"categories":[],"tags":[],"folder":[1205],"class_list":["post-30511","page","type-page","status-publish","hentry"],"yoast_head":"<title>\u00c9tude de cas : Expleo | Mobility Tech Green<\/title>\n<meta name=\"robots\" content=\"noindex, follow\" \/>\n<meta property=\"og:locale\" content=\"en_US\" \/>\n<meta property=\"og:type\" content=\"article\" \/>\n<meta property=\"og:title\" content=\"\u00c9tude de cas : Expleo | Mobility Tech Green\" \/>\n<meta property=\"og:description\" content=\"Etude de cas client Comment le groupe Expleo France a t-il int\u00e9gr\u00e9 le v\u00e9lopartage dans sa strat\u00e9gie de mobilit\u00e9 globale ?\u00c0 propos du clientLe groupe Expleo est un prestataire de services en ing\u00e9nierie, technologie et conseil. Il accompagne des entreprises aussi bien en Europe qu&#039;\u00e0 l&#039;international dans leurs d\u00e9marches d&#039;innovation. Apr\u00e8s cinq ans de partenariat [&hellip;]\" \/>\n<meta property=\"og:url\" content=\"https:\/\/www.mobilitytechgreen.com\/en\/cs-expleo\/\" \/>\n<meta property=\"og:site_name\" content=\"Mobility Tech Green | Autopartage pour entreprises et collectivit\u00e9s\" \/>\n<meta property=\"article:modified_time\" content=\"2024-09-26T15:35:08+00:00\" \/>\n<meta name=\"twitter:card\" content=\"summary_large_image\" \/>\n<meta name=\"twitter:label1\" content=\"Est. reading time\" \/>\n\t<meta name=\"twitter:data1\" content=\"2 minutes\" \/>\n<script type=\"application\/ld+json\" class=\"yoast-schema-graph\">{\"@context\":\"https:\\\/\\\/schema.org\",\"@graph\":[{\"@type\":\"WebPage\",\"@id\":\"https:\\\/\\\/www.mobilitytechgreen.com\\\/en\\\/etude-de-cas-velopartage\\\/\",\"url\":\"https:\\\/\\\/www.mobilitytechgreen.com\\\/en\\\/cs-expleo\\\/\",\"name\":\"\u00c9tude de cas : Expleo | Mobility Tech Green\",\"isPartOf\":{\"@id\":\"https:\\\/\\\/www.mobilitytechgreen.com\\\/#website\"},\"datePublished\":\"2019-11-25T13:30:10+00:00\",\"dateModified\":\"2024-09-26T15:35:08+00:00\",\"breadcrumb\":{\"@id\":\"https:\\\/\\\/www.mobilitytechgreen.com\\\/en\\\/cs-expleo\\\/#breadcrumb\"},\"inLanguage\":\"en-US\",\"potentialAction\":[{\"@type\":\"ReadAction\",\"target\":[\"https:\\\/\\\/www.mobilitytechgreen.com\\\/en\\\/cs-expleo\\\/\"]}]},{\"@type\":\"BreadcrumbList\",\"@id\":\"https:\\\/\\\/www.mobilitytechgreen.com\\\/en\\\/cs-expleo\\\/#breadcrumb\",\"itemListElement\":[{\"@type\":\"ListItem\",\"position\":1,\"name\":\"Accueil\",\"item\":\"https:\\\/\\\/www.mobilitytechgreen.com\\\/en\\\/corporate-car-sharing\\\/\"},{\"@type\":\"ListItem\",\"position\":2,\"name\":\"\u00c9tude de cas : Expleo | Mobility Tech Green\"}]},{\"@type\":\"WebSite\",\"@id\":\"https:\\\/\\\/www.mobilitytechgreen.com\\\/#website\",\"url\":\"https:\\\/\\\/www.mobilitytechgreen.com\\\/\",\"name\":\"Mobility Tech Green | Autopartage pour entreprises et collectivit\u00e9s\",\"description\":\"Leader de l&#039;autopartage pour entreprises et collectivit\u00e9s\",\"publisher\":{\"@id\":\"https:\\\/\\\/www.mobilitytechgreen.com\\\/#organization\"},\"potentialAction\":[{\"@type\":\"SearchAction\",\"target\":{\"@type\":\"EntryPoint\",\"urlTemplate\":\"https:\\\/\\\/www.mobilitytechgreen.com\\\/?s={search_term_string}\"},\"query-input\":{\"@type\":\"PropertyValueSpecification\",\"valueRequired\":true,\"valueName\":\"search_term_string\"}}],\"inLanguage\":\"en-US\"},{\"@type\":\"Organization\",\"@id\":\"https:\\\/\\\/www.mobilitytechgreen.com\\\/#organization\",\"name\":\"Mobility Tech Green\",\"url\":\"https:\\\/\\\/www.mobilitytechgreen.com\\\/\",\"logo\":{\"@type\":\"ImageObject\",\"inLanguage\":\"en-US\",\"@id\":\"https:\\\/\\\/www.mobilitytechgreen.com\\\/#\\\/schema\\\/logo\\\/image\\\/\",\"url\":\"https:\\\/\\\/www.mobilitytechgreen.com\\\/wp-content\\\/uploads\\\/2018\\\/11\\\/MTG-300_logo.png\",\"contentUrl\":\"https:\\\/\\\/www.mobilitytechgreen.com\\\/wp-content\\\/uploads\\\/2018\\\/11\\\/MTG-300_logo.png\",\"width\":1485,\"height\":435,\"caption\":\"Mobility Tech Green\"},\"image\":{\"@id\":\"https:\\\/\\\/www.mobilitytechgreen.com\\\/#\\\/schema\\\/logo\\\/image\\\/\"}}]}<\/script>","yoast_head_json":{"title":"\u00c9tude de cas : Expleo | Mobility Tech Green","robots":{"index":"noindex","follow":"follow"},"og_locale":"en_US","og_type":"article","og_title":"\u00c9tude de cas : Expleo | Mobility Tech Green","og_description":"Etude de cas client Comment le groupe Expleo France a t-il int\u00e9gr\u00e9 le v\u00e9lopartage dans sa strat\u00e9gie de mobilit\u00e9 globale ?\u00c0 propos du clientLe groupe Expleo est un prestataire de services en ing\u00e9nierie, technologie et conseil. Il accompagne des entreprises aussi bien en Europe qu'\u00e0 l'international dans leurs d\u00e9marches d'innovation. Apr\u00e8s cinq ans de partenariat [&hellip;]","og_url":"https:\/\/www.mobilitytechgreen.com\/en\/cs-expleo\/","og_site_name":"Mobility Tech Green | Autopartage pour entreprises et collectivit\u00e9s","article_modified_time":"2024-09-26T15:35:08+00:00","twitter_card":"summary_large_image","twitter_misc":{"Est. reading time":"2 minutes"},"schema":{"@context":"https:\/\/schema.org","@graph":[{"@type":"WebPage","@id":"https:\/\/www.mobilitytechgreen.com\/en\/etude-de-cas-velopartage\/","url":"https:\/\/www.mobilitytechgreen.com\/en\/cs-expleo\/","name":"\u00c9tude de cas : Expleo | Mobility Tech Green","isPartOf":{"@id":"https:\/\/www.mobilitytechgreen.com\/#website"},"datePublished":"2019-11-25T13:30:10+00:00","dateModified":"2024-09-26T15:35:08+00:00","breadcrumb":{"@id":"https:\/\/www.mobilitytechgreen.com\/en\/cs-expleo\/#breadcrumb"},"inLanguage":"en-US","potentialAction":[{"@type":"ReadAction","target":["https:\/\/www.mobilitytechgreen.com\/en\/cs-expleo\/"]}]},{"@type":"BreadcrumbList","@id":"https:\/\/www.mobilitytechgreen.com\/en\/cs-expleo\/#breadcrumb","itemListElement":[{"@type":"ListItem","position":1,"name":"Accueil","item":"https:\/\/www.mobilitytechgreen.com\/en\/corporate-car-sharing\/"},{"@type":"ListItem","position":2,"name":"\u00c9tude de cas : Expleo | Mobility Tech Green"}]},{"@type":"WebSite","@id":"https:\/\/www.mobilitytechgreen.com\/#website","url":"https:\/\/www.mobilitytechgreen.com\/","name":"Mobility Tech Green | Autopartage pour entreprises et collectivit\u00e9s","description":"Leader de l&#039;autopartage pour entreprises et collectivit\u00e9s","publisher":{"@id":"https:\/\/www.mobilitytechgreen.com\/#organization"},"potentialAction":[{"@type":"SearchAction","target":{"@type":"EntryPoint","urlTemplate":"https:\/\/www.mobilitytechgreen.com\/?s={search_term_string}"},"query-input":{"@type":"PropertyValueSpecification","valueRequired":true,"valueName":"search_term_string"}}],"inLanguage":"en-US"},{"@type":"Organization","@id":"https:\/\/www.mobilitytechgreen.com\/#organization","name":"Mobility Tech Green","url":"https:\/\/www.mobilitytechgreen.com\/","logo":{"@type":"ImageObject","inLanguage":"en-US","@id":"https:\/\/www.mobilitytechgreen.com\/#\/schema\/logo\/image\/","url":"https:\/\/www.mobilitytechgreen.com\/wp-content\/uploads\/2018\/11\/MTG-300_logo.png","contentUrl":"https:\/\/www.mobilitytechgreen.com\/wp-content\/uploads\/2018\/11\/MTG-300_logo.png","width":1485,"height":435,"caption":"Mobility Tech Green"},"image":{"@id":"https:\/\/www.mobilitytechgreen.com\/#\/schema\/logo\/image\/"}}]}},"_links":{"self":[{"href":"https:\/\/www.mobilitytechgreen.com\/en\/wp-json\/wp\/v2\/pages\/30511","targetHints":{"allow":["GET"]}}],"collection":[{"href":"https:\/\/www.mobilitytechgreen.com\/en\/wp-json\/wp\/v2\/pages"}],"about":[{"href":"https:\/\/www.mobilitytechgreen.com\/en\/wp-json\/wp\/v2\/types\/page"}],"author":[{"embeddable":true,"href":"https:\/\/www.mobilitytechgreen.com\/en\/wp-json\/wp\/v2\/users\/3"}],"replies":[{"embeddable":true,"href":"https:\/\/www.mobilitytechgreen.com\/en\/wp-json\/wp\/v2\/comments?post=30511"}],"version-history":[{"count":0,"href":"https:\/\/www.mobilitytechgreen.com\/en\/wp-json\/wp\/v2\/pages\/30511\/revisions"}],"wp:attachment":[{"href":"https:\/\/www.mobilitytechgreen.com\/en\/wp-json\/wp\/v2\/media?parent=30511"}],"wp:term":[{"taxonomy":"category","embeddable":true,"href":"https:\/\/www.mobilitytechgreen.com\/en\/wp-json\/wp\/v2\/categories?post=30511"},{"taxonomy":"post_tag","embeddable":true,"href":"https:\/\/www.mobilitytechgreen.com\/en\/wp-json\/wp\/v2\/tags?post=30511"},{"taxonomy":"folder","embeddable":true,"href":"https:\/\/www.mobilitytechgreen.com\/en\/wp-json\/wp\/v2\/folder?post=30511"}],"curies":[{"name":"wp","href":"https:\/\/api.w.org\/{rel}","templated":true}]}}