{"id":25862,"date":"2020-01-07T12:10:52","date_gmt":"2020-01-07T11:10:52","guid":{"rendered":"https:\/\/www.mobilitytechgreen.com\/?page_id=25862"},"modified":"2023-02-22T13:51:43","modified_gmt":"2023-02-22T12:51:43","slug":"cost-calculator","status":"publish","type":"page","link":"https:\/\/www.mobilitytechgreen.com\/en\/cost-calculator\/","title":{"rendered":"Cost Calculator"},"content":{"rendered":"<p>[et_pb_section fb_built=&#8221;1&#8243; fullwidth=&#8221;on&#8221; _builder_version=&#8221;4.0.6&#8243;][et_pb_fullwidth_header title=&#8221;Calculatrice de co\u00fbts&#8221; subhead=&#8221;Visualisez simplement combien d&#8217;\u00e9conomies votre entreprise peut r\u00e9aliser sur son budget mobilit\u00e9 gr\u00e2ce \u00e0 l&#8217;autopartage&#8221; text_orientation=&#8221;center&#8221; admin_label=&#8221;Hero Section&#8221; _builder_version=&#8221;4.0.6&#8243; title_font=&#8221;Montserrat|on|||&#8221; title_font_size=&#8221;70px&#8221; title_line_height=&#8221;1.4em&#8221; content_font=&#8221;Montserrat||||||||&#8221; content_text_align=&#8221;center&#8221; content_text_color=&#8221;#ffffff&#8221; content_font_size=&#8221;16px&#8221; content_line_height=&#8221;1.8em&#8221; subhead_font=&#8221;Montserrat|700|||||||&#8221; subhead_font_size=&#8221;19px&#8221; background_enable_color=&#8221;off&#8221; use_background_color_gradient=&#8221;on&#8221; background_color_gradient_start=&#8221;rgba(118,176,43,0.72)&#8221; background_color_gradient_end=&#8221;#2b98af&#8221; background_color_gradient_direction=&#8221;45deg&#8221; background_color_gradient_overlays_image=&#8221;on&#8221; background_image=&#8221;https:\/\/www.mobilitytechgreen.com\/wp-content\/uploads\/2020\/01\/calculette.jpg&#8221; custom_button_one=&#8221;on&#8221; button_one_text_size=&#8221;16px&#8221; button_one_border_width=&#8221;2px&#8221; button_one_border_color=&#8221;#ffffff&#8221; button_one_border_radius=&#8221;0&#8243; button_one_letter_spacing=&#8221;2&#8243; button_one_font=&#8221;Montserrat|||on|&#8221; button_one_use_icon=&#8221;off&#8221; custom_button_two=&#8221;on&#8221; button_two_text_size=&#8221;16px&#8221; button_two_border_width=&#8221;2px&#8221; button_two_border_color=&#8221;#ffffff&#8221; button_two_border_radius=&#8221;0&#8243; button_two_letter_spacing=&#8221;2&#8243; button_two_font=&#8221;Montserrat|||on|&#8221; button_two_use_icon=&#8221;off&#8221; module_alignment=&#8221;left&#8221; custom_padding=&#8221;||50px|||&#8221; button_one_text_color_hover=&#8221;#6eba01&#8243; button_two_text_color_hover=&#8221;#6eba01&#8243; button_one_border_color_hover=&#8221;#ffffff&#8221; button_two_border_color_hover=&#8221;#ffffff&#8221; button_one_border_radius_hover=&#8221;0&#8243; button_two_border_radius_hover=&#8221;0&#8243; button_one_letter_spacing_hover=&#8221;2&#8243; button_two_letter_spacing_hover=&#8221;2&#8243; button_one_bg_color_hover=&#8221;#ffffff&#8221; button_two_bg_color_hover=&#8221;#ffffff&#8221; button_one_text_size__hover_enabled=&#8221;off&#8221; button_two_text_size__hover_enabled=&#8221;off&#8221; button_one_text_color__hover_enabled=&#8221;on&#8221; button_one_text_color__hover=&#8221;#6eba01&#8243; button_two_text_color__hover_enabled=&#8221;on&#8221; button_two_text_color__hover=&#8221;#6eba01&#8243; button_one_border_width__hover_enabled=&#8221;off&#8221; button_two_border_width__hover_enabled=&#8221;off&#8221; button_one_border_color__hover_enabled=&#8221;on&#8221; button_one_border_color__hover=&#8221;#ffffff&#8221; button_two_border_color__hover_enabled=&#8221;on&#8221; button_two_border_color__hover=&#8221;#ffffff&#8221; button_one_border_radius__hover_enabled=&#8221;on&#8221; button_one_border_radius__hover=&#8221;0&#8243; button_two_border_radius__hover_enabled=&#8221;on&#8221; button_two_border_radius__hover=&#8221;0&#8243; button_one_letter_spacing__hover_enabled=&#8221;on&#8221; button_one_letter_spacing__hover=&#8221;2&#8243; button_two_letter_spacing__hover_enabled=&#8221;on&#8221; button_two_letter_spacing__hover=&#8221;2&#8243; button_one_bg_color__hover_enabled=&#8221;on|hover&#8221; button_one_bg_color__hover=&#8221;#ffffff&#8221; button_two_bg_color__hover_enabled=&#8221;on&#8221; button_two_bg_color__hover=&#8221;#ffffff&#8221; button_one_bg_enable_color__hover=&#8221;on&#8221;]<\/p>\n<p>&nbsp;<\/p>\n<p>\u00c0 partir de quelques informations relatives \u00e0 votre parc de v\u00e9hicules, notre calculatrice de co\u00fbts vous fournit une indication sur les r\u00e9ductions possibles sur vos frais de gestion.<\/p>\n<p>[\/et_pb_fullwidth_header][\/et_pb_section][et_pb_section fb_built=&#8221;1&#8243; fullwidth=&#8221;on&#8221; _builder_version=&#8221;4.0.6&#8243;][et_pb_fullwidth_code _builder_version=&#8221;4.0.6&#8243; width=&#8221;100%&#8221; max_width=&#8221;100%&#8221; min_height=&#8221;870px&#8221; custom_margin=&#8221;0px||0px||false|false&#8221; custom_padding=&#8221;||||false|false&#8221;]<embed src=\"https:\/\/www.mobilitytechgreen.com\/calculette\/\" style=\"width: 100%; height:870px;\"\/>[\/et_pb_fullwidth_code][\/et_pb_section][et_pb_section fb_built=&#8221;1&#8243; _builder_version=&#8221;4.0.6&#8243; custom_margin=&#8221;0px||||false|false&#8221; custom_padding=&#8221;0px||0px||false|false&#8221;][et_pb_row column_structure=&#8221;1_2,1_2&#8243; use_custom_gutter=&#8221;on&#8221; gutter_width=&#8221;1&#8243; make_equal=&#8221;on&#8221; module_class=&#8221; et_pb_row_fullwidth&#8221; _builder_version=&#8221;4.0.6&#8243; background_size=&#8221;initial&#8221; background_position=&#8221;top_left&#8221; background_repeat=&#8221;repeat&#8221; width=&#8221;100%&#8221; width_tablet=&#8221;100%&#8221; width_phone=&#8221;&#8221; width_last_edited=&#8221;on|desktop&#8221; max_width=&#8221;100%&#8221; max_width_tablet=&#8221;100%&#8221; max_width_phone=&#8221;&#8221; max_width_last_edited=&#8221;on|desktop&#8221; custom_margin=&#8221;|||&#8221; custom_padding=&#8221;0px||0px|&#8221; make_fullwidth=&#8221;on&#8221;][et_pb_column type=&#8221;1_2&#8243; _builder_version=&#8221;3.25&#8243; background_color=&#8221;#f4f4f4&#8243; background_position=&#8221;top_left&#8221; custom_padding=&#8221;8%|6%|8%|16%&#8221; custom_padding_tablet=&#8221;&#8221; custom_padding_phone=&#8221;80px|10%|80px|10%&#8221; custom_padding_last_edited=&#8221;on|desktop&#8221; custom_padding__hover=&#8221;|||&#8221;][et_pb_cta title=&#8221;Convaincu ? Prenez contact avec nous !&#8221; button_url=&#8221;https:\/\/www.mobilitytechgreen.com\/en\/contact-us\/&#8221; button_text=&#8221;Prendre rendez-vous&#8221; admin_label=&#8221;Feature 01&#8243; _builder_version=&#8221;4.0.6&#8243; header_font=&#8221;Montserrat|700|||||||&#8221; header_text_color=&#8221;#666666&#8243; header_font_size=&#8221;36&#8243; header_line_height=&#8221;1.4em&#8221; body_font_size=&#8221;16&#8243; body_line_height=&#8221;1.9em&#8221; use_background_color=&#8221;off&#8221; custom_button=&#8221;on&#8221; button_text_size=&#8221;18&#8243; button_text_color=&#8221;#ffffff&#8221; button_bg_color=&#8221;#6eba01&#8243; button_border_color=&#8221;#6eba01&#8243; button_border_radius=&#8221;0&#8243; button_letter_spacing=&#8221;2&#8243; button_font=&#8221;Montserrat|||on|&#8221; button_use_icon=&#8221;off&#8221; text_orientation=&#8221;left&#8221; background_layout=&#8221;light&#8221; max_width=&#8221;450px&#8221; module_alignment=&#8221;left&#8221; custom_margin=&#8221;|||&#8221; custom_padding=&#8221;|||&#8221; animation_direction=&#8221;bottom&#8221; hover_enabled=&#8221;0&#8243; button_text_color_hover=&#8221;#6eba01&#8243; button_border_color_hover=&#8221;#6eba01&#8243; button_border_radius_hover=&#8221;0&#8243; button_letter_spacing_hover=&#8221;2&#8243; button_bg_color_hover=&#8221;rgba(0,0,0,0)&#8221; saved_tabs=&#8221;all&#8221; locked=&#8221;off&#8221; button_text_size__hover_enabled=&#8221;off&#8221; button_one_text_size__hover_enabled=&#8221;off&#8221; button_two_text_size__hover_enabled=&#8221;off&#8221; button_text_color__hover_enabled=&#8221;on&#8221; button_text_color__hover=&#8221;#6eba01&#8243; button_one_text_color__hover_enabled=&#8221;off&#8221; button_two_text_color__hover_enabled=&#8221;off&#8221; button_border_width__hover_enabled=&#8221;off&#8221; button_one_border_width__hover_enabled=&#8221;off&#8221; button_two_border_width__hover_enabled=&#8221;off&#8221; button_border_color__hover_enabled=&#8221;on&#8221; button_border_color__hover=&#8221;#6eba01&#8243; button_one_border_color__hover_enabled=&#8221;off&#8221; button_two_border_color__hover_enabled=&#8221;off&#8221; button_border_radius__hover_enabled=&#8221;on&#8221; button_border_radius__hover=&#8221;0&#8243; button_one_border_radius__hover_enabled=&#8221;off&#8221; button_two_border_radius__hover_enabled=&#8221;off&#8221; button_letter_spacing__hover_enabled=&#8221;on&#8221; button_letter_spacing__hover=&#8221;2&#8243; button_one_letter_spacing__hover_enabled=&#8221;off&#8221; button_two_letter_spacing__hover_enabled=&#8221;off&#8221; button_bg_color__hover_enabled=&#8221;on&#8221; button_bg_color__hover=&#8221;rgba(0,0,0,0)&#8221; button_one_bg_color__hover_enabled=&#8221;off&#8221; button_two_bg_color__hover_enabled=&#8221;off&#8221;]<\/p>\n<p>Notre \u00e9quipe est \u00e0 votre \u00e9coute pour vous proposer un service de mobilit\u00e9 adapt\u00e9 \u00e0 vos besoins.<\/p>\n<p>[\/et_pb_cta][\/et_pb_column][et_pb_column type=&#8221;1_2&#8243; _builder_version=&#8221;4.0.6&#8243; background_image=&#8221;https:\/\/www.mobilitytechgreen.com\/wp-content\/uploads\/2019\/12\/mtg-expertise-1.jpg&#8221; background_position=&#8221;top_left&#8221; custom_padding=&#8221;|||&#8221; custom_padding__hover=&#8221;|||&#8221;][\/et_pb_column][\/et_pb_row][\/et_pb_section]<\/p>\n","protected":false},"excerpt":{"rendered":"<p>&nbsp; \u00c0 partir de quelques informations relatives \u00e0 votre parc de v\u00e9hicules, notre calculatrice de co\u00fbts vous fournit une indication sur les r\u00e9ductions possibles sur vos frais de gestion.Notre \u00e9quipe est \u00e0 votre \u00e9coute pour vous proposer un service de mobilit\u00e9 adapt\u00e9 \u00e0 vos besoins.<\/p>\n","protected":false},"author":3,"featured_media":0,"parent":0,"menu_order":0,"comment_status":"closed","ping_status":"closed","template":"","meta":{"_et_pb_use_builder":"on","_et_pb_old_content":"","_et_gb_content_width":"","footnotes":""},"categories":[],"tags":[],"folder":[1213],"class_list":["post-25862","page","type-page","status-publish","hentry"],"yoast_head":"<title>Cost Calculator | Mobility Tech Green B2B Carsharing<\/title>\n<meta name=\"description\" content=\"Find out how much the launch of a carsharing service can help you save on your mobility budget with our online cost calculator.\" \/>\n<meta name=\"robots\" content=\"index, follow, max-snippet:-1, max-image-preview:large, max-video-preview:-1\" \/>\n<link rel=\"canonical\" href=\"https:\/\/www.mobilitytechgreen.com\/en\/cost-calculator\/\" \/>\n<meta property=\"og:locale\" content=\"en_US\" \/>\n<meta property=\"og:type\" content=\"article\" \/>\n<meta property=\"og:title\" content=\"Cost Calculator | Mobility Tech Green B2B Carsharing\" \/>\n<meta property=\"og:description\" content=\"Find out how much the launch of a carsharing service can help you save on your mobility budget with our online cost calculator.\" \/>\n<meta property=\"og:url\" content=\"https:\/\/www.mobilitytechgreen.com\/en\/cost-calculator\/\" \/>\n<meta property=\"og:site_name\" content=\"Mobility Tech Green | Autopartage pour entreprises et collectivit\u00e9s\" \/>\n<meta property=\"article:modified_time\" content=\"2023-02-22T12:51:43+00:00\" \/>\n<meta name=\"twitter:card\" content=\"summary_large_image\" \/>\n<meta name=\"twitter:label1\" content=\"Est. reading time\" \/>\n\t<meta name=\"twitter:data1\" content=\"5 minutes\" \/>\n<script type=\"application\/ld+json\" class=\"yoast-schema-graph\">{\"@context\":\"https:\\\/\\\/schema.org\",\"@graph\":[{\"@type\":\"WebPage\",\"@id\":\"https:\\\/\\\/www.mobilitytechgreen.com\\\/en\\\/cost-calculator\\\/\",\"url\":\"https:\\\/\\\/www.mobilitytechgreen.com\\\/en\\\/cost-calculator\\\/\",\"name\":\"Cost Calculator | Mobility Tech Green B2B Carsharing\",\"isPartOf\":{\"@id\":\"https:\\\/\\\/www.mobilitytechgreen.com\\\/#website\"},\"datePublished\":\"2020-01-07T11:10:52+00:00\",\"dateModified\":\"2023-02-22T12:51:43+00:00\",\"description\":\"Find out how much the launch of a carsharing service can help you save on your mobility budget with our online cost calculator.\",\"breadcrumb\":{\"@id\":\"https:\\\/\\\/www.mobilitytechgreen.com\\\/en\\\/cost-calculator\\\/#breadcrumb\"},\"inLanguage\":\"en-US\",\"potentialAction\":[{\"@type\":\"ReadAction\",\"target\":[\"https:\\\/\\\/www.mobilitytechgreen.com\\\/en\\\/cost-calculator\\\/\"]}]},{\"@type\":\"BreadcrumbList\",\"@id\":\"https:\\\/\\\/www.mobilitytechgreen.com\\\/en\\\/cost-calculator\\\/#breadcrumb\",\"itemListElement\":[{\"@type\":\"ListItem\",\"position\":1,\"name\":\"Accueil\",\"item\":\"https:\\\/\\\/www.mobilitytechgreen.com\\\/en\\\/corporate-car-sharing\\\/\"},{\"@type\":\"ListItem\",\"position\":2,\"name\":\"Cost Calculator\"}]},{\"@type\":\"WebSite\",\"@id\":\"https:\\\/\\\/www.mobilitytechgreen.com\\\/#website\",\"url\":\"https:\\\/\\\/www.mobilitytechgreen.com\\\/\",\"name\":\"Mobility Tech Green | Autopartage pour entreprises et collectivit\u00e9s\",\"description\":\"Leader de l&#039;autopartage pour entreprises et collectivit\u00e9s\",\"publisher\":{\"@id\":\"https:\\\/\\\/www.mobilitytechgreen.com\\\/#organization\"},\"potentialAction\":[{\"@type\":\"SearchAction\",\"target\":{\"@type\":\"EntryPoint\",\"urlTemplate\":\"https:\\\/\\\/www.mobilitytechgreen.com\\\/?s={search_term_string}\"},\"query-input\":{\"@type\":\"PropertyValueSpecification\",\"valueRequired\":true,\"valueName\":\"search_term_string\"}}],\"inLanguage\":\"en-US\"},{\"@type\":\"Organization\",\"@id\":\"https:\\\/\\\/www.mobilitytechgreen.com\\\/#organization\",\"name\":\"Mobility Tech Green\",\"url\":\"https:\\\/\\\/www.mobilitytechgreen.com\\\/\",\"logo\":{\"@type\":\"ImageObject\",\"inLanguage\":\"en-US\",\"@id\":\"https:\\\/\\\/www.mobilitytechgreen.com\\\/#\\\/schema\\\/logo\\\/image\\\/\",\"url\":\"https:\\\/\\\/www.mobilitytechgreen.com\\\/wp-content\\\/uploads\\\/2018\\\/11\\\/MTG-300_logo.png\",\"contentUrl\":\"https:\\\/\\\/www.mobilitytechgreen.com\\\/wp-content\\\/uploads\\\/2018\\\/11\\\/MTG-300_logo.png\",\"width\":1485,\"height\":435,\"caption\":\"Mobility Tech Green\"},\"image\":{\"@id\":\"https:\\\/\\\/www.mobilitytechgreen.com\\\/#\\\/schema\\\/logo\\\/image\\\/\"}}]}<\/script>","yoast_head_json":{"title":"Cost Calculator | Mobility Tech Green B2B Carsharing","description":"Find out how much the launch of a carsharing service can help you save on your mobility budget with our online cost calculator.","robots":{"index":"index","follow":"follow","max-snippet":"max-snippet:-1","max-image-preview":"max-image-preview:large","max-video-preview":"max-video-preview:-1"},"canonical":"https:\/\/www.mobilitytechgreen.com\/en\/cost-calculator\/","og_locale":"en_US","og_type":"article","og_title":"Cost Calculator | Mobility Tech Green B2B Carsharing","og_description":"Find out how much the launch of a carsharing service can help you save on your mobility budget with our online cost calculator.","og_url":"https:\/\/www.mobilitytechgreen.com\/en\/cost-calculator\/","og_site_name":"Mobility Tech Green | Autopartage pour entreprises et collectivit\u00e9s","article_modified_time":"2023-02-22T12:51:43+00:00","twitter_card":"summary_large_image","twitter_misc":{"Est. reading time":"5 minutes"},"schema":{"@context":"https:\/\/schema.org","@graph":[{"@type":"WebPage","@id":"https:\/\/www.mobilitytechgreen.com\/en\/cost-calculator\/","url":"https:\/\/www.mobilitytechgreen.com\/en\/cost-calculator\/","name":"Cost Calculator | Mobility Tech Green B2B Carsharing","isPartOf":{"@id":"https:\/\/www.mobilitytechgreen.com\/#website"},"datePublished":"2020-01-07T11:10:52+00:00","dateModified":"2023-02-22T12:51:43+00:00","description":"Find out how much the launch of a carsharing service can help you save on your mobility budget with our online cost calculator.","breadcrumb":{"@id":"https:\/\/www.mobilitytechgreen.com\/en\/cost-calculator\/#breadcrumb"},"inLanguage":"en-US","potentialAction":[{"@type":"ReadAction","target":["https:\/\/www.mobilitytechgreen.com\/en\/cost-calculator\/"]}]},{"@type":"BreadcrumbList","@id":"https:\/\/www.mobilitytechgreen.com\/en\/cost-calculator\/#breadcrumb","itemListElement":[{"@type":"ListItem","position":1,"name":"Accueil","item":"https:\/\/www.mobilitytechgreen.com\/en\/corporate-car-sharing\/"},{"@type":"ListItem","position":2,"name":"Cost Calculator"}]},{"@type":"WebSite","@id":"https:\/\/www.mobilitytechgreen.com\/#website","url":"https:\/\/www.mobilitytechgreen.com\/","name":"Mobility Tech Green | Autopartage pour entreprises et collectivit\u00e9s","description":"Leader de l&#039;autopartage pour entreprises et collectivit\u00e9s","publisher":{"@id":"https:\/\/www.mobilitytechgreen.com\/#organization"},"potentialAction":[{"@type":"SearchAction","target":{"@type":"EntryPoint","urlTemplate":"https:\/\/www.mobilitytechgreen.com\/?s={search_term_string}"},"query-input":{"@type":"PropertyValueSpecification","valueRequired":true,"valueName":"search_term_string"}}],"inLanguage":"en-US"},{"@type":"Organization","@id":"https:\/\/www.mobilitytechgreen.com\/#organization","name":"Mobility Tech Green","url":"https:\/\/www.mobilitytechgreen.com\/","logo":{"@type":"ImageObject","inLanguage":"en-US","@id":"https:\/\/www.mobilitytechgreen.com\/#\/schema\/logo\/image\/","url":"https:\/\/www.mobilitytechgreen.com\/wp-content\/uploads\/2018\/11\/MTG-300_logo.png","contentUrl":"https:\/\/www.mobilitytechgreen.com\/wp-content\/uploads\/2018\/11\/MTG-300_logo.png","width":1485,"height":435,"caption":"Mobility Tech Green"},"image":{"@id":"https:\/\/www.mobilitytechgreen.com\/#\/schema\/logo\/image\/"}}]}},"_links":{"self":[{"href":"https:\/\/www.mobilitytechgreen.com\/en\/wp-json\/wp\/v2\/pages\/25862","targetHints":{"allow":["GET"]}}],"collection":[{"href":"https:\/\/www.mobilitytechgreen.com\/en\/wp-json\/wp\/v2\/pages"}],"about":[{"href":"https:\/\/www.mobilitytechgreen.com\/en\/wp-json\/wp\/v2\/types\/page"}],"author":[{"embeddable":true,"href":"https:\/\/www.mobilitytechgreen.com\/en\/wp-json\/wp\/v2\/users\/3"}],"replies":[{"embeddable":true,"href":"https:\/\/www.mobilitytechgreen.com\/en\/wp-json\/wp\/v2\/comments?post=25862"}],"version-history":[{"count":0,"href":"https:\/\/www.mobilitytechgreen.com\/en\/wp-json\/wp\/v2\/pages\/25862\/revisions"}],"wp:attachment":[{"href":"https:\/\/www.mobilitytechgreen.com\/en\/wp-json\/wp\/v2\/media?parent=25862"}],"wp:term":[{"taxonomy":"category","embeddable":true,"href":"https:\/\/www.mobilitytechgreen.com\/en\/wp-json\/wp\/v2\/categories?post=25862"},{"taxonomy":"post_tag","embeddable":true,"href":"https:\/\/www.mobilitytechgreen.com\/en\/wp-json\/wp\/v2\/tags?post=25862"},{"taxonomy":"folder","embeddable":true,"href":"https:\/\/www.mobilitytechgreen.com\/en\/wp-json\/wp\/v2\/folder?post=25862"}],"curies":[{"name":"wp","href":"https:\/\/api.w.org\/{rel}","templated":true}]}}