{"id":14102,"date":"2018-10-11T10:14:12","date_gmt":"2018-10-11T08:14:12","guid":{"rendered":"https:\/\/www.mobilitytechgreen.com\/carsharing-guide\/"},"modified":"2023-02-22T13:48:18","modified_gmt":"2023-02-22T12:48:18","slug":"carsharing-guide","status":"publish","type":"page","link":"https:\/\/www.mobilitytechgreen.com\/en\/carsharing-guide\/","title":{"rendered":"Car sharing guide | Mobility Tech Green"},"content":{"rendered":"<p>[et_pb_section fb_built=&#8221;1&#8243; _builder_version=&#8221;4.5.1&#8243; _module_preset=&#8221;default&#8221; use_background_color_gradient=&#8221;on&#8221; background_color_gradient_start=&#8221;#76b02B&#8221; background_color_gradient_end=&#8221;rgba(43,152,175,0.77)&#8221; background_color_gradient_direction=&#8221;45deg&#8221; background_color_gradient_overlays_image=&#8221;on&#8221; background_image=&#8221;https:\/\/www.mobilitytechgreen.com\/wp-content\/uploads\/2020\/03\/header-guide.jpg&#8221; custom_padding=&#8221;||32px|||&#8221;][et_pb_row column_structure=&#8221;1_2,1_2&#8243; _builder_version=&#8221;4.5.1&#8243; _module_preset=&#8221;default&#8221; custom_padding=&#8221;28px|||||&#8221;][et_pb_column type=&#8221;1_2&#8243; _builder_version=&#8221;4.5.1&#8243; _module_preset=&#8221;default&#8221;][et_pb_text _builder_version=&#8221;4.5.1&#8243; _module_preset=&#8221;default&#8221; header_font=&#8221;Montserrat|700|||||||&#8221; header_text_color=&#8221;#ffffff&#8221; header_font_size=&#8221;50px&#8221; custom_margin=&#8221;||11px|||&#8221; custom_padding=&#8221;60px|||||&#8221;]<\/p>\n<h1>Corporate car sharing<\/h1>\n<p>[\/et_pb_text][et_pb_text _builder_version=&#8221;4.5.1&#8243; _module_preset=&#8221;default&#8221; text_font=&#8221;Montserrat||||||||&#8221; text_text_color=&#8221;#ffffff&#8221; text_font_size=&#8221;25px&#8221;]<\/p>\n<p>Download your guide<\/p>\n<p>[\/et_pb_text][et_pb_text _builder_version=&#8221;4.5.1&#8243; _module_preset=&#8221;default&#8221; text_font=&#8221;Montserrat||||||||&#8221;]<\/p>\n<p style=\"text-align: justify;\"><span style=\"color: #ffffff;\">With an expertise of almost 10 years on the corporate car sharing market Mobility Tech Green helped many <span style=\"text-decoration: underline;\"><strong><a href=\"https:\/\/www.mobilitytechgreen.com\/en\/case-studies\/\" style=\"color: #ffffff; text-decoration: underline;\">companies and local authorities<\/a><\/strong><\/span> to take a step forward and bet on this shared mobility. In this document you will find all the answers to your questions concerning the integration of corporate car sharing in your fleet. Learn how this innovative mobility can be adapted to your specific needs but also how it can help you optimize rather significantly the use of your vehicles on a daily basis. <\/span><\/p>\n<p>[\/et_pb_text][\/et_pb_column][et_pb_column type=&#8221;1_2&#8243; _builder_version=&#8221;4.5.1&#8243; _module_preset=&#8221;default&#8221; background_color=&#8221;#ffffff&#8221; custom_padding=&#8221;||0px||false|false&#8221; border_radii=&#8221;on|5px|5px|5px|5px&#8221; box_shadow_style=&#8221;preset1&#8243;][et_pb_text _builder_version=&#8221;4.5.1&#8243; header_3_font=&#8221;Montserrat|700|||||||&#8221; header_3_text_color=&#8221;#2b98af&#8221; background_enable_color=&#8221;off&#8221; custom_margin=&#8221;0px||0px||false|false&#8221; custom_padding=&#8221;9px|||||&#8221; border_radii=&#8221;on|5px|5px|5px|5px&#8221; border_color_all=&#8221;#cecece&#8221;]<\/p>\n<div style=\"background-color: rgba(255,255,255, 0.9); padding: 5%;\">\n<h3 style=\"color: #76b02b;\">Download the document<\/h3>\n<p><iframe loading=\"lazy\" src=\"https:\/\/go.pardot.com\/l\/298792\/2018-10-30\/4283q\" width=\"100%\" height=\"400\" type=\"text\/html\" frameborder=\"0\" allowtransparency=\"true\" style=\"border: 0;\"><\/iframe><\/p>\n<\/div>\n<p>[\/et_pb_text][\/et_pb_column][\/et_pb_row][\/et_pb_section][et_pb_section fb_built=&#8221;1&#8243; _builder_version=&#8221;4.0.6&#8243; background_color=&#8221;#ffffff&#8221; custom_padding=&#8221;43px|0px|54px|0px|false|false&#8221;][et_pb_row column_structure=&#8221;1_2,1_2&#8243; _builder_version=&#8221;4.5.1&#8243;][et_pb_column type=&#8221;1_2&#8243; _builder_version=&#8221;4.5.1&#8243;][et_pb_text _builder_version=&#8221;4.0.6&#8243; text_font=&#8221;Montserrat|700|||||||&#8221; text_text_color=&#8221;#cecece&#8221; text_font_size=&#8221;19px&#8221; custom_margin=&#8221;||15px|||&#8221;]<\/p>\n<p>Guide<\/p>\n<p>[\/et_pb_text][et_pb_text _builder_version=&#8221;4.5.1&#8243; text_font=&#8221;||||||||&#8221; header_font=&#8221;||||||||&#8221; header_2_font=&#8221;Montserrat|700|||||||&#8221; header_2_text_align=&#8221;left&#8221; header_2_text_color=&#8221;#2b98af&#8221; header_2_font_size=&#8221;30px&#8221; custom_margin=&#8221;||9px||false|false&#8221;]<\/p>\n<h2 style=\"text-align: left;\">What you will learn in this document<\/h2>\n<p>[\/et_pb_text][et_pb_divider color=&#8221;#cecece&#8221; divider_weight=&#8221;4px&#8221; _builder_version=&#8221;4.0.6&#8243; width=&#8221;14%&#8221; custom_margin=&#8221;0px||0px||false|false&#8221;][\/et_pb_divider][et_pb_text _builder_version=&#8221;4.5.1&#8243; text_font=&#8221;Montserrat||||||||&#8221; text_font_size=&#8221;15px&#8221;]<\/p>\n<p style=\"text-align: justify;\">This guide will tell you exactly what you need to know on corporate car sharing in order to find the best way to implement your future B2B mobility!<\/p>\n<p style=\"text-align: justify;\"><strong>What is corporate car sharing and why you need it in your fleet<\/strong><\/p>\n<p style=\"text-align: justify;\"><b>Optimize your total cost of ownership (TCO)<\/b><\/p>\n<p style=\"text-align: justify;\"><strong>Find the best way to introduce corporate car sharing in your fleet<\/strong><\/p>\n<p style=\"text-align: justify;\"><strong>How to maximize the use of your fleet<\/strong><\/p>\n<p style=\"text-align: justify;\"><strong>What are \u00a0the best practices to promote your 2.0 mobility?<\/strong><\/p>\n<p style=\"text-align: justify;\"><strong>Think about possible developments<\/strong><\/p>\n<p>[\/et_pb_text][\/et_pb_column][et_pb_column type=&#8221;1_2&#8243; _builder_version=&#8221;4.0.6&#8243;][et_pb_image src=&#8221;https:\/\/www.mobilitytechgreen.com\/wp-content\/uploads\/2018\/11\/Whitepaper2.png&#8221; alt=&#8221;Carsharing Guide Mobility Tech Green&#8221; title_text=&#8221;Whitepaper2&#8243; _builder_version=&#8221;4.5.1&#8243; _module_preset=&#8221;default&#8221; custom_margin=&#8221;14px|||||&#8221;][\/et_pb_image][\/et_pb_column][\/et_pb_row][\/et_pb_section][et_pb_section fb_built=&#8221;1&#8243; _builder_version=&#8221;3.22&#8243; background_color=&#8221;#76b02B&#8221; use_background_color_gradient=&#8221;on&#8221; background_color_gradient_start=&#8221;#76b02B&#8221; background_color_gradient_end=&#8221;#2b98AF&#8221; background_color_gradient_direction=&#8221;56deg&#8221; background_color_gradient_start_position=&#8221;12%&#8221; custom_padding=&#8221;35px|0px|33px|0px|false|false&#8221;][et_pb_row column_structure=&#8221;1_4,1_4,1_4,1_4&#8243; _builder_version=&#8221;3.25&#8243;][et_pb_column type=&#8221;1_4&#8243; _builder_version=&#8221;3.25&#8243; custom_padding=&#8221;|||&#8221; custom_padding__hover=&#8221;|||&#8221;][et_pb_image src=&#8221;https:\/\/www.mobilitytechgreen.com\/wp-content\/uploads\/2018\/11\/Icone_pages.png&#8221; alt=&#8221;Ic\u00f4ne pages&#8221; align_tablet=&#8221;center&#8221; align_phone=&#8221;&#8221; align_last_edited=&#8221;on|desktop&#8221; _builder_version=&#8221;3.23&#8243; max_width=&#8221;44%&#8221; module_alignment=&#8221;center&#8221; custom_margin=&#8221;||11px|&#8221;][\/et_pb_image][et_pb_number_counter title=&#8221;Pages&#8221; number=&#8221;16&#8243; percent_sign=&#8221;off&#8221; _builder_version=&#8221;4.0.6&#8243; title_font=&#8221;Montserrat|300|||||||&#8221; title_text_align=&#8221;center&#8221; title_text_color=&#8221;#ffffff&#8221; title_font_size=&#8221;20px&#8221; number_font=&#8221;Montserrat|700|||||||&#8221; number_text_color=&#8221;#ffffff&#8221; number_font_size=&#8221;60px&#8221;][\/et_pb_number_counter][\/et_pb_column][et_pb_column type=&#8221;1_4&#8243; _builder_version=&#8221;3.25&#8243; custom_padding=&#8221;|||&#8221; custom_padding__hover=&#8221;|||&#8221;][et_pb_image src=&#8221;https:\/\/www.mobilitytechgreen.com\/wp-content\/uploads\/2018\/11\/Icone_download.png&#8221; alt=&#8221;Ic\u00f4ne T\u00e9l\u00e9chargements&#8221; align_tablet=&#8221;center&#8221; align_phone=&#8221;&#8221; align_last_edited=&#8221;on|desktop&#8221; _builder_version=&#8221;3.23&#8243; max_width=&#8221;44%&#8221; module_alignment=&#8221;center&#8221; custom_margin=&#8221;||11px|&#8221;][\/et_pb_image][et_pb_number_counter title=&#8221;Downloads&#8221; number=&#8221;3200&#8243; percent_sign=&#8221;off&#8221; _builder_version=&#8221;4.0.6&#8243; title_font=&#8221;Montserrat|300|||||||&#8221; title_text_color=&#8221;#ffffff&#8221; title_font_size=&#8221;20px&#8221; number_font=&#8221;Montserrat|700|||||||&#8221; number_text_color=&#8221;#ffffff&#8221; number_font_size=&#8221;60px&#8221;][\/et_pb_number_counter][\/et_pb_column][et_pb_column type=&#8221;1_4&#8243; _builder_version=&#8221;3.25&#8243; custom_padding=&#8221;|||&#8221; custom_padding__hover=&#8221;|||&#8221;][et_pb_image src=&#8221;https:\/\/www.mobilitytechgreen.com\/wp-content\/uploads\/2018\/11\/Icone_twitter.png&#8221; alt=&#8221;Ic\u00f4ne Twitter&#8221; align_tablet=&#8221;center&#8221; align_phone=&#8221;&#8221; align_last_edited=&#8221;on|desktop&#8221; _builder_version=&#8221;3.23&#8243; max_width=&#8221;44%&#8221; module_alignment=&#8221;center&#8221; custom_margin=&#8221;||11px|&#8221;][\/et_pb_image][et_pb_number_counter title=&#8221;Followers&#8221; number=&#8221;1700&#8243; percent_sign=&#8221;off&#8221; _builder_version=&#8221;4.0.6&#8243; title_font=&#8221;Montserrat|300|||||||&#8221; title_text_color=&#8221;#ffffff&#8221; title_font_size=&#8221;20px&#8221; number_font=&#8221;Montserrat|700|||||||&#8221; number_text_color=&#8221;#ffffff&#8221; number_font_size=&#8221;60px&#8221;][\/et_pb_number_counter][\/et_pb_column][et_pb_column type=&#8221;1_4&#8243; _builder_version=&#8221;3.25&#8243; custom_padding=&#8221;|||&#8221; custom_padding__hover=&#8221;|||&#8221;][et_pb_image src=&#8221;https:\/\/www.mobilitytechgreen.com\/wp-content\/uploads\/2018\/11\/Icone_share.png&#8221; alt=&#8221;Ic\u00f4ne partages&#8221; align_tablet=&#8221;center&#8221; align_phone=&#8221;&#8221; align_last_edited=&#8221;on|desktop&#8221; _builder_version=&#8221;3.23&#8243; max_width=&#8221;44%&#8221; module_alignment=&#8221;center&#8221; custom_margin=&#8221;||11px|&#8221;][\/et_pb_image][et_pb_number_counter title=&#8221;Shares&#8221; number=&#8221;1500&#8243; percent_sign=&#8221;off&#8221; _builder_version=&#8221;4.0.6&#8243; title_font=&#8221;Montserrat|300|||||||&#8221; title_text_color=&#8221;#ffffff&#8221; title_font_size=&#8221;20px&#8221; number_font=&#8221;Montserrat|700|||||||&#8221; number_text_color=&#8221;#ffffff&#8221; number_font_size=&#8221;60px&#8221;][\/et_pb_number_counter][\/et_pb_column][\/et_pb_row][\/et_pb_section][et_pb_section fb_built=&#8221;1&#8243; _builder_version=&#8221;3.22&#8243; background_color=&#8221;#fafafa&#8221; background_color_gradient_direction=&#8221;101deg&#8221;][et_pb_row _builder_version=&#8221;3.25&#8243;][et_pb_column type=&#8221;4_4&#8243; _builder_version=&#8221;3.25&#8243; custom_padding=&#8221;|||&#8221; custom_padding__hover=&#8221;|||&#8221;][et_pb_video src=&#8221;https:\/\/www.mobilitytechgreen.com\/wp-content\/uploads\/2017\/07\/MTGreen_master_UK-3-Wi-Fi-\u00e9lev\u00e9.mp4&#8243; _builder_version=&#8221;4.0.6&#8243;][\/et_pb_video][\/et_pb_column][\/et_pb_row][\/et_pb_section][et_pb_section fb_built=&#8221;1&#8243; _builder_version=&#8221;3.22&#8243; use_background_color_gradient=&#8221;on&#8221; background_color_gradient_start=&#8221;#76b02B&#8221; background_color_gradient_end=&#8221;#2b98AF&#8221; background_color_gradient_direction=&#8221;99deg&#8221; custom_margin=&#8221;-190px|||&#8221; custom_padding=&#8221;54px|0px|196px|0px|false|false&#8221;][et_pb_row _builder_version=&#8221;4.6.5&#8243; _module_preset=&#8221;default&#8221;][et_pb_column type=&#8221;4_4&#8243; _builder_version=&#8221;4.6.5&#8243; _module_preset=&#8221;default&#8221;][et_pb_button button_url=&#8221;https:\/\/www.mobilitytechgreen.com\/en\/whitepapers\/&#8221; button_text=&#8221;Return to the guides &#8221; button_alignment=&#8221;center&#8221; _builder_version=&#8221;4.6.5&#8243; _module_preset=&#8221;default&#8221; custom_button=&#8221;on&#8221; button_text_color=&#8221;#2b98af&#8221; button_bg_color=&#8221;#ffffff&#8221; button_border_color=&#8221;#ffffff&#8221; button_font=&#8221;Montserrat|700|||||||&#8221; custom_margin=&#8221;41px|||||&#8221;][\/et_pb_button][\/et_pb_column][\/et_pb_row][\/et_pb_section]<\/p>\n","protected":false},"excerpt":{"rendered":"<p>Corporate car sharingDownload your guideWith an expertise of almost 10 years on the corporate car sharing market Mobility Tech Green helped many companies and local authorities to take a step forward and bet on this shared mobility. In this document you will find all the answers to your questions concerning the integration of corporate car [&hellip;]<\/p>\n","protected":false},"author":3,"featured_media":0,"parent":0,"menu_order":0,"comment_status":"closed","ping_status":"closed","template":"","meta":{"_et_pb_use_builder":"on","_et_pb_old_content":"<!-- wp:divi\/placeholder \/-->","_et_gb_content_width":"","footnotes":""},"categories":[],"tags":[],"folder":[1213],"class_list":["post-14102","page","type-page","status-publish","hentry"],"yoast_head":"<title>Car sharing guide | Mobility Tech Green<\/title>\n<meta name=\"description\" content=\"You want to learn more about corporate car sharing? Download our free guide right now and find your perfect car sharing solution!\" \/>\n<meta name=\"robots\" content=\"index, follow, max-snippet:-1, max-image-preview:large, max-video-preview:-1\" \/>\n<link rel=\"canonical\" href=\"https:\/\/www.mobilitytechgreen.com\/en\/carsharing-guide\/\" \/>\n<meta property=\"og:locale\" content=\"en_US\" \/>\n<meta property=\"og:type\" content=\"article\" \/>\n<meta property=\"og:title\" content=\"Car sharing guide | Mobility Tech Green\" \/>\n<meta property=\"og:description\" content=\"You want to learn more about corporate car sharing? Download our free guide right now and find your perfect car sharing solution!\" \/>\n<meta property=\"og:url\" content=\"https:\/\/www.mobilitytechgreen.com\/en\/carsharing-guide\/\" \/>\n<meta property=\"og:site_name\" content=\"Mobility Tech Green | Autopartage pour entreprises et collectivit\u00e9s\" \/>\n<meta property=\"article:modified_time\" content=\"2023-02-22T12:48:18+00:00\" \/>\n<meta name=\"twitter:card\" content=\"summary_large_image\" \/>\n<meta name=\"twitter:label1\" content=\"Est. reading time\" \/>\n\t<meta name=\"twitter:data1\" content=\"6 minutes\" \/>\n<script type=\"application\/ld+json\" class=\"yoast-schema-graph\">{\"@context\":\"https:\\\/\\\/schema.org\",\"@graph\":[{\"@type\":\"WebPage\",\"@id\":\"https:\\\/\\\/www.mobilitytechgreen.com\\\/en\\\/carsharing-guide\\\/\",\"url\":\"https:\\\/\\\/www.mobilitytechgreen.com\\\/en\\\/carsharing-guide\\\/\",\"name\":\"Car sharing guide | Mobility Tech Green\",\"isPartOf\":{\"@id\":\"https:\\\/\\\/www.mobilitytechgreen.com\\\/#website\"},\"datePublished\":\"2018-10-11T08:14:12+00:00\",\"dateModified\":\"2023-02-22T12:48:18+00:00\",\"description\":\"You want to learn more about corporate car sharing? Download our free guide right now and find your perfect car sharing solution!\",\"breadcrumb\":{\"@id\":\"https:\\\/\\\/www.mobilitytechgreen.com\\\/en\\\/carsharing-guide\\\/#breadcrumb\"},\"inLanguage\":\"en-US\",\"potentialAction\":[{\"@type\":\"ReadAction\",\"target\":[\"https:\\\/\\\/www.mobilitytechgreen.com\\\/en\\\/carsharing-guide\\\/\"]}]},{\"@type\":\"BreadcrumbList\",\"@id\":\"https:\\\/\\\/www.mobilitytechgreen.com\\\/en\\\/carsharing-guide\\\/#breadcrumb\",\"itemListElement\":[{\"@type\":\"ListItem\",\"position\":1,\"name\":\"Accueil\",\"item\":\"https:\\\/\\\/www.mobilitytechgreen.com\\\/en\\\/corporate-car-sharing\\\/\"},{\"@type\":\"ListItem\",\"position\":2,\"name\":\"Car sharing guide | Mobility Tech Green\"}]},{\"@type\":\"WebSite\",\"@id\":\"https:\\\/\\\/www.mobilitytechgreen.com\\\/#website\",\"url\":\"https:\\\/\\\/www.mobilitytechgreen.com\\\/\",\"name\":\"Mobility Tech Green | Autopartage pour entreprises et collectivit\u00e9s\",\"description\":\"Leader de l&#039;autopartage pour entreprises et collectivit\u00e9s\",\"publisher\":{\"@id\":\"https:\\\/\\\/www.mobilitytechgreen.com\\\/#organization\"},\"potentialAction\":[{\"@type\":\"SearchAction\",\"target\":{\"@type\":\"EntryPoint\",\"urlTemplate\":\"https:\\\/\\\/www.mobilitytechgreen.com\\\/?s={search_term_string}\"},\"query-input\":{\"@type\":\"PropertyValueSpecification\",\"valueRequired\":true,\"valueName\":\"search_term_string\"}}],\"inLanguage\":\"en-US\"},{\"@type\":\"Organization\",\"@id\":\"https:\\\/\\\/www.mobilitytechgreen.com\\\/#organization\",\"name\":\"Mobility Tech Green\",\"url\":\"https:\\\/\\\/www.mobilitytechgreen.com\\\/\",\"logo\":{\"@type\":\"ImageObject\",\"inLanguage\":\"en-US\",\"@id\":\"https:\\\/\\\/www.mobilitytechgreen.com\\\/#\\\/schema\\\/logo\\\/image\\\/\",\"url\":\"https:\\\/\\\/www.mobilitytechgreen.com\\\/wp-content\\\/uploads\\\/2018\\\/11\\\/MTG-300_logo.png\",\"contentUrl\":\"https:\\\/\\\/www.mobilitytechgreen.com\\\/wp-content\\\/uploads\\\/2018\\\/11\\\/MTG-300_logo.png\",\"width\":1485,\"height\":435,\"caption\":\"Mobility Tech Green\"},\"image\":{\"@id\":\"https:\\\/\\\/www.mobilitytechgreen.com\\\/#\\\/schema\\\/logo\\\/image\\\/\"}}]}<\/script>","yoast_head_json":{"title":"Car sharing guide | Mobility Tech Green","description":"You want to learn more about corporate car sharing? Download our free guide right now and find your perfect car sharing solution!","robots":{"index":"index","follow":"follow","max-snippet":"max-snippet:-1","max-image-preview":"max-image-preview:large","max-video-preview":"max-video-preview:-1"},"canonical":"https:\/\/www.mobilitytechgreen.com\/en\/carsharing-guide\/","og_locale":"en_US","og_type":"article","og_title":"Car sharing guide | Mobility Tech Green","og_description":"You want to learn more about corporate car sharing? Download our free guide right now and find your perfect car sharing solution!","og_url":"https:\/\/www.mobilitytechgreen.com\/en\/carsharing-guide\/","og_site_name":"Mobility Tech Green | Autopartage pour entreprises et collectivit\u00e9s","article_modified_time":"2023-02-22T12:48:18+00:00","twitter_card":"summary_large_image","twitter_misc":{"Est. reading time":"6 minutes"},"schema":{"@context":"https:\/\/schema.org","@graph":[{"@type":"WebPage","@id":"https:\/\/www.mobilitytechgreen.com\/en\/carsharing-guide\/","url":"https:\/\/www.mobilitytechgreen.com\/en\/carsharing-guide\/","name":"Car sharing guide | Mobility Tech Green","isPartOf":{"@id":"https:\/\/www.mobilitytechgreen.com\/#website"},"datePublished":"2018-10-11T08:14:12+00:00","dateModified":"2023-02-22T12:48:18+00:00","description":"You want to learn more about corporate car sharing? Download our free guide right now and find your perfect car sharing solution!","breadcrumb":{"@id":"https:\/\/www.mobilitytechgreen.com\/en\/carsharing-guide\/#breadcrumb"},"inLanguage":"en-US","potentialAction":[{"@type":"ReadAction","target":["https:\/\/www.mobilitytechgreen.com\/en\/carsharing-guide\/"]}]},{"@type":"BreadcrumbList","@id":"https:\/\/www.mobilitytechgreen.com\/en\/carsharing-guide\/#breadcrumb","itemListElement":[{"@type":"ListItem","position":1,"name":"Accueil","item":"https:\/\/www.mobilitytechgreen.com\/en\/corporate-car-sharing\/"},{"@type":"ListItem","position":2,"name":"Car sharing guide | Mobility Tech Green"}]},{"@type":"WebSite","@id":"https:\/\/www.mobilitytechgreen.com\/#website","url":"https:\/\/www.mobilitytechgreen.com\/","name":"Mobility Tech Green | Autopartage pour entreprises et collectivit\u00e9s","description":"Leader de l&#039;autopartage pour entreprises et collectivit\u00e9s","publisher":{"@id":"https:\/\/www.mobilitytechgreen.com\/#organization"},"potentialAction":[{"@type":"SearchAction","target":{"@type":"EntryPoint","urlTemplate":"https:\/\/www.mobilitytechgreen.com\/?s={search_term_string}"},"query-input":{"@type":"PropertyValueSpecification","valueRequired":true,"valueName":"search_term_string"}}],"inLanguage":"en-US"},{"@type":"Organization","@id":"https:\/\/www.mobilitytechgreen.com\/#organization","name":"Mobility Tech Green","url":"https:\/\/www.mobilitytechgreen.com\/","logo":{"@type":"ImageObject","inLanguage":"en-US","@id":"https:\/\/www.mobilitytechgreen.com\/#\/schema\/logo\/image\/","url":"https:\/\/www.mobilitytechgreen.com\/wp-content\/uploads\/2018\/11\/MTG-300_logo.png","contentUrl":"https:\/\/www.mobilitytechgreen.com\/wp-content\/uploads\/2018\/11\/MTG-300_logo.png","width":1485,"height":435,"caption":"Mobility Tech Green"},"image":{"@id":"https:\/\/www.mobilitytechgreen.com\/#\/schema\/logo\/image\/"}}]}},"_links":{"self":[{"href":"https:\/\/www.mobilitytechgreen.com\/en\/wp-json\/wp\/v2\/pages\/14102","targetHints":{"allow":["GET"]}}],"collection":[{"href":"https:\/\/www.mobilitytechgreen.com\/en\/wp-json\/wp\/v2\/pages"}],"about":[{"href":"https:\/\/www.mobilitytechgreen.com\/en\/wp-json\/wp\/v2\/types\/page"}],"author":[{"embeddable":true,"href":"https:\/\/www.mobilitytechgreen.com\/en\/wp-json\/wp\/v2\/users\/3"}],"replies":[{"embeddable":true,"href":"https:\/\/www.mobilitytechgreen.com\/en\/wp-json\/wp\/v2\/comments?post=14102"}],"version-history":[{"count":0,"href":"https:\/\/www.mobilitytechgreen.com\/en\/wp-json\/wp\/v2\/pages\/14102\/revisions"}],"wp:attachment":[{"href":"https:\/\/www.mobilitytechgreen.com\/en\/wp-json\/wp\/v2\/media?parent=14102"}],"wp:term":[{"taxonomy":"category","embeddable":true,"href":"https:\/\/www.mobilitytechgreen.com\/en\/wp-json\/wp\/v2\/categories?post=14102"},{"taxonomy":"post_tag","embeddable":true,"href":"https:\/\/www.mobilitytechgreen.com\/en\/wp-json\/wp\/v2\/tags?post=14102"},{"taxonomy":"folder","embeddable":true,"href":"https:\/\/www.mobilitytechgreen.com\/en\/wp-json\/wp\/v2\/folder?post=14102"}],"curies":[{"name":"wp","href":"https:\/\/api.w.org\/{rel}","templated":true}]}}