{"id":11270,"date":"2018-05-23T10:21:01","date_gmt":"2018-05-23T08:21:01","guid":{"rendered":"https:\/\/www.mobilitytechgreen.com\/en\/?page_id=11270"},"modified":"2023-02-22T13:55:33","modified_gmt":"2023-02-22T12:55:33","slug":"withdrawal-consent","status":"publish","type":"page","link":"https:\/\/www.mobilitytechgreen.com\/en\/withdrawal-consent\/","title":{"rendered":"withdrawal of consent"},"content":{"rendered":"<p>[et_pb_section fb_built=&#8221;1&#8243; _builder_version=&#8221;3.22&#8243;][et_pb_row _builder_version=&#8221;3.25&#8243;][et_pb_column type=&#8221;4_4&#8243; _builder_version=&#8221;3.25&#8243; custom_padding=&#8221;|||&#8221; custom_padding__hover=&#8221;|||&#8221;][et_pb_text _builder_version=&#8221;3.12.2&#8243; text_font=&#8221;||||||||&#8221; header_font=&#8221;||||||||&#8221; header_2_font=&#8221;|300|||||||&#8221; header_2_text_color=&#8221;#76b02B&#8221;]<\/p>\n<h2 style=\"text-align: center;\">Withdrawal of consent<\/h2>\n<hr style=\"border: 2px solid #76b02B; width: 10%; margin-top: 2%;\" \/>[\/et_pb_text][et_pb_text _builder_version=&#8221;3.26.6&#8243;]<iframe loading=\"lazy\" src=\"https:\/\/go.pardot.com\/l\/298792\/2018-05-23\/31q5y\" width=\"100%\" height=\"610\" type=\"text\/html\" frameborder=\"0\" allowTransparency=\"true\" style=\"border: 0\"><\/iframe>[\/et_pb_text][\/et_pb_column][\/et_pb_row][\/et_pb_section]<\/p>\n","protected":false},"excerpt":{"rendered":"<p>Withdrawal of consent<\/p>\n","protected":false},"author":1,"featured_media":0,"parent":0,"menu_order":0,"comment_status":"closed","ping_status":"closed","template":"","meta":{"_et_pb_use_builder":"on","_et_pb_old_content":"<header class=\"entry-header\">\r\n<p class=\"entry-title\" style=\"text-align: left;\"><span style=\"font-size: 16px;\">Conform\u00e9ment au r\u00e8glement europ\u00e9en RGPD, je demande la suppression de mes donn\u00e9es personnelles dans votre syst\u00e8me d\u2019information via ce formulaire. Je ne vous communique mes nom et adresse mail que pour que vous les retrouviez et supprimiez de votre syst\u00e8me d\u2019information.<\/span><\/p>\r\n\r\n\r\n<hr \/>\r\n\r\n<iframe style=\"border: 0;\" src=\"http:\/\/go.pardot.com\/l\/298792\/2018-05-02\/2vdvh\" width=\"100%\" height=\"500\" frameborder=\"0\"><\/iframe>\r\n\r\n<\/header>","_et_gb_content_width":"","footnotes":""},"categories":[],"tags":[],"folder":[1213],"class_list":["post-11270","page","type-page","status-publish","hentry"],"yoast_head":"<title>withdrawal of consent<\/title>\n<meta name=\"robots\" content=\"index, follow, max-snippet:-1, max-image-preview:large, max-video-preview:-1\" \/>\n<link rel=\"canonical\" href=\"https:\/\/www.mobilitytechgreen.com\/en\/withdrawal-consent\/\" \/>\n<meta property=\"og:locale\" content=\"en_US\" \/>\n<meta property=\"og:type\" content=\"article\" \/>\n<meta property=\"og:title\" content=\"withdrawal of consent\" \/>\n<meta property=\"og:description\" content=\"Withdrawal of consent\" \/>\n<meta property=\"og:url\" content=\"https:\/\/www.mobilitytechgreen.com\/en\/withdrawal-consent\/\" \/>\n<meta property=\"og:site_name\" content=\"Mobility Tech Green | Autopartage pour entreprises et collectivit\u00e9s\" \/>\n<meta property=\"article:modified_time\" content=\"2023-02-22T12:55:33+00:00\" \/>\n<meta name=\"twitter:card\" content=\"summary_large_image\" \/>\n<script type=\"application\/ld+json\" class=\"yoast-schema-graph\">{\"@context\":\"https:\\\/\\\/schema.org\",\"@graph\":[{\"@type\":\"WebPage\",\"@id\":\"https:\\\/\\\/www.mobilitytechgreen.com\\\/en\\\/withdrawal-consent\\\/\",\"url\":\"https:\\\/\\\/www.mobilitytechgreen.com\\\/en\\\/withdrawal-consent\\\/\",\"name\":\"withdrawal of consent\",\"isPartOf\":{\"@id\":\"https:\\\/\\\/www.mobilitytechgreen.com\\\/#website\"},\"datePublished\":\"2018-05-23T08:21:01+00:00\",\"dateModified\":\"2023-02-22T12:55:33+00:00\",\"breadcrumb\":{\"@id\":\"https:\\\/\\\/www.mobilitytechgreen.com\\\/en\\\/withdrawal-consent\\\/#breadcrumb\"},\"inLanguage\":\"en-US\",\"potentialAction\":[{\"@type\":\"ReadAction\",\"target\":[\"https:\\\/\\\/www.mobilitytechgreen.com\\\/en\\\/withdrawal-consent\\\/\"]}]},{\"@type\":\"BreadcrumbList\",\"@id\":\"https:\\\/\\\/www.mobilitytechgreen.com\\\/en\\\/withdrawal-consent\\\/#breadcrumb\",\"itemListElement\":[{\"@type\":\"ListItem\",\"position\":1,\"name\":\"Accueil\",\"item\":\"https:\\\/\\\/www.mobilitytechgreen.com\\\/en\\\/corporate-car-sharing\\\/\"},{\"@type\":\"ListItem\",\"position\":2,\"name\":\"withdrawal of consent\"}]},{\"@type\":\"WebSite\",\"@id\":\"https:\\\/\\\/www.mobilitytechgreen.com\\\/#website\",\"url\":\"https:\\\/\\\/www.mobilitytechgreen.com\\\/\",\"name\":\"Mobility Tech Green | Autopartage pour entreprises et collectivit\u00e9s\",\"description\":\"Leader de l&#039;autopartage pour entreprises et collectivit\u00e9s\",\"publisher\":{\"@id\":\"https:\\\/\\\/www.mobilitytechgreen.com\\\/#organization\"},\"potentialAction\":[{\"@type\":\"SearchAction\",\"target\":{\"@type\":\"EntryPoint\",\"urlTemplate\":\"https:\\\/\\\/www.mobilitytechgreen.com\\\/?s={search_term_string}\"},\"query-input\":{\"@type\":\"PropertyValueSpecification\",\"valueRequired\":true,\"valueName\":\"search_term_string\"}}],\"inLanguage\":\"en-US\"},{\"@type\":\"Organization\",\"@id\":\"https:\\\/\\\/www.mobilitytechgreen.com\\\/#organization\",\"name\":\"Mobility Tech Green\",\"url\":\"https:\\\/\\\/www.mobilitytechgreen.com\\\/\",\"logo\":{\"@type\":\"ImageObject\",\"inLanguage\":\"en-US\",\"@id\":\"https:\\\/\\\/www.mobilitytechgreen.com\\\/#\\\/schema\\\/logo\\\/image\\\/\",\"url\":\"https:\\\/\\\/www.mobilitytechgreen.com\\\/wp-content\\\/uploads\\\/2018\\\/11\\\/MTG-300_logo.png\",\"contentUrl\":\"https:\\\/\\\/www.mobilitytechgreen.com\\\/wp-content\\\/uploads\\\/2018\\\/11\\\/MTG-300_logo.png\",\"width\":1485,\"height\":435,\"caption\":\"Mobility Tech Green\"},\"image\":{\"@id\":\"https:\\\/\\\/www.mobilitytechgreen.com\\\/#\\\/schema\\\/logo\\\/image\\\/\"}}]}<\/script>","yoast_head_json":{"title":"withdrawal of consent","robots":{"index":"index","follow":"follow","max-snippet":"max-snippet:-1","max-image-preview":"max-image-preview:large","max-video-preview":"max-video-preview:-1"},"canonical":"https:\/\/www.mobilitytechgreen.com\/en\/withdrawal-consent\/","og_locale":"en_US","og_type":"article","og_title":"withdrawal of consent","og_description":"Withdrawal of consent","og_url":"https:\/\/www.mobilitytechgreen.com\/en\/withdrawal-consent\/","og_site_name":"Mobility Tech Green | Autopartage pour entreprises et collectivit\u00e9s","article_modified_time":"2023-02-22T12:55:33+00:00","twitter_card":"summary_large_image","schema":{"@context":"https:\/\/schema.org","@graph":[{"@type":"WebPage","@id":"https:\/\/www.mobilitytechgreen.com\/en\/withdrawal-consent\/","url":"https:\/\/www.mobilitytechgreen.com\/en\/withdrawal-consent\/","name":"withdrawal of consent","isPartOf":{"@id":"https:\/\/www.mobilitytechgreen.com\/#website"},"datePublished":"2018-05-23T08:21:01+00:00","dateModified":"2023-02-22T12:55:33+00:00","breadcrumb":{"@id":"https:\/\/www.mobilitytechgreen.com\/en\/withdrawal-consent\/#breadcrumb"},"inLanguage":"en-US","potentialAction":[{"@type":"ReadAction","target":["https:\/\/www.mobilitytechgreen.com\/en\/withdrawal-consent\/"]}]},{"@type":"BreadcrumbList","@id":"https:\/\/www.mobilitytechgreen.com\/en\/withdrawal-consent\/#breadcrumb","itemListElement":[{"@type":"ListItem","position":1,"name":"Accueil","item":"https:\/\/www.mobilitytechgreen.com\/en\/corporate-car-sharing\/"},{"@type":"ListItem","position":2,"name":"withdrawal of consent"}]},{"@type":"WebSite","@id":"https:\/\/www.mobilitytechgreen.com\/#website","url":"https:\/\/www.mobilitytechgreen.com\/","name":"Mobility Tech Green | Autopartage pour entreprises et collectivit\u00e9s","description":"Leader de l&#039;autopartage pour entreprises et collectivit\u00e9s","publisher":{"@id":"https:\/\/www.mobilitytechgreen.com\/#organization"},"potentialAction":[{"@type":"SearchAction","target":{"@type":"EntryPoint","urlTemplate":"https:\/\/www.mobilitytechgreen.com\/?s={search_term_string}"},"query-input":{"@type":"PropertyValueSpecification","valueRequired":true,"valueName":"search_term_string"}}],"inLanguage":"en-US"},{"@type":"Organization","@id":"https:\/\/www.mobilitytechgreen.com\/#organization","name":"Mobility Tech Green","url":"https:\/\/www.mobilitytechgreen.com\/","logo":{"@type":"ImageObject","inLanguage":"en-US","@id":"https:\/\/www.mobilitytechgreen.com\/#\/schema\/logo\/image\/","url":"https:\/\/www.mobilitytechgreen.com\/wp-content\/uploads\/2018\/11\/MTG-300_logo.png","contentUrl":"https:\/\/www.mobilitytechgreen.com\/wp-content\/uploads\/2018\/11\/MTG-300_logo.png","width":1485,"height":435,"caption":"Mobility Tech Green"},"image":{"@id":"https:\/\/www.mobilitytechgreen.com\/#\/schema\/logo\/image\/"}}]}},"_links":{"self":[{"href":"https:\/\/www.mobilitytechgreen.com\/en\/wp-json\/wp\/v2\/pages\/11270","targetHints":{"allow":["GET"]}}],"collection":[{"href":"https:\/\/www.mobilitytechgreen.com\/en\/wp-json\/wp\/v2\/pages"}],"about":[{"href":"https:\/\/www.mobilitytechgreen.com\/en\/wp-json\/wp\/v2\/types\/page"}],"author":[{"embeddable":true,"href":"https:\/\/www.mobilitytechgreen.com\/en\/wp-json\/wp\/v2\/users\/1"}],"replies":[{"embeddable":true,"href":"https:\/\/www.mobilitytechgreen.com\/en\/wp-json\/wp\/v2\/comments?post=11270"}],"version-history":[{"count":0,"href":"https:\/\/www.mobilitytechgreen.com\/en\/wp-json\/wp\/v2\/pages\/11270\/revisions"}],"wp:attachment":[{"href":"https:\/\/www.mobilitytechgreen.com\/en\/wp-json\/wp\/v2\/media?parent=11270"}],"wp:term":[{"taxonomy":"category","embeddable":true,"href":"https:\/\/www.mobilitytechgreen.com\/en\/wp-json\/wp\/v2\/categories?post=11270"},{"taxonomy":"post_tag","embeddable":true,"href":"https:\/\/www.mobilitytechgreen.com\/en\/wp-json\/wp\/v2\/tags?post=11270"},{"taxonomy":"folder","embeddable":true,"href":"https:\/\/www.mobilitytechgreen.com\/en\/wp-json\/wp\/v2\/folder?post=11270"}],"curies":[{"name":"wp","href":"https:\/\/api.w.org\/{rel}","templated":true}]}}